{"id":115,"date":"2018-09-16T18:33:39","date_gmt":"2018-09-16T15:33:39","guid":{"rendered":"https:\/\/lahjakorttipalvelu.fi\/villa-sukka\/lahjakortit\/"},"modified":"2023-11-20T23:29:09","modified_gmt":"2023-11-20T21:29:09","slug":"lahjakortit","status":"publish","type":"page","link":"https:\/\/lahjakorttipalvelu.fi\/hirsiranta\/","title":{"rendered":"Hotelli Hirsiranta Lahjakortti"},"content":{"rendered":"<p>[et_pb_section fb_built=&#8221;1&#8243; admin_label=&#8221;Hero&#8221; _builder_version=&#8221;4.22.1&#8243; background_enable_color=&#8221;off&#8221; background_image=&#8221;https:\/\/lahjakorttipalvelu.fi\/hirsiranta\/wp-content\/uploads\/sites\/23\/2023\/11\/hirsiranta-heroimage.jpg&#8221; background_position=&#8221;top_center&#8221; background_vertical_offset=&#8221;19%&#8221; custom_padding=&#8221;5vw||9vw||false|false&#8221; background_last_edited=&#8221;on|phone&#8221; use_background_color_gradient_tablet=&#8221;on&#8221; use_background_color_gradient_phone=&#8221;on&#8221; background_color_gradient_stops_tablet=&#8221;rgba(255,255,255,0.89) 1%|rgba(247,240,230,0.08) 100%&#8221; background_color_gradient_stops_phone=&#8221;rgba(255,255,255,0.89) 1%|rgba(247,240,230,0.08) 100%&#8221; background_color_gradient_overlays_image_tablet=&#8221;on&#8221; locked=&#8221;off&#8221; global_colors_info=&#8221;{}&#8221;][et_pb_row _builder_version=&#8221;4.20.4&#8243; background_size=&#8221;initial&#8221; background_position=&#8221;top_left&#8221; background_repeat=&#8221;repeat&#8221; global_colors_info=&#8221;{}&#8221;][et_pb_column type=&#8221;4_4&#8243; _builder_version=&#8221;4.16&#8243; custom_padding=&#8221;|||&#8221; global_colors_info=&#8221;{}&#8221; custom_padding__hover=&#8221;|||&#8221;][et_pb_text _builder_version=&#8221;4.22.1&#8243; _module_preset=&#8221;default&#8221; text_font=&#8221;|700||on|||||&#8221; text_text_color=&#8221;#000000&#8243; text_letter_spacing=&#8221;2px&#8221; custom_margin=&#8221;||2px|||&#8221; global_colors_info=&#8221;{}&#8221;]<\/p>\n<p>HOTELLI HIRSIRANTA &#8211; SAIMAAN RANNALLA<\/p>\n<p>[\/et_pb_text][et_pb_cta title=&#8221;Lahjakortit&#8221; button_url=&#8221;@ET-DC@eyJkeW5hbWljIjp0cnVlLCJjb250ZW50IjoicG9zdF9saW5rX3VybF9wYWdlIiwic2V0dGluZ3MiOnsicG9zdF9pZCI6IjExOCJ9fQ==@&#8221; button_text=&#8221;selaa lahjakortteja&#8221; _builder_version=&#8221;4.22.1&#8243; _dynamic_attributes=&#8221;button_url&#8221; header_level=&#8221;h1&#8243; header_font=&#8221;|600|||||||&#8221; header_text_color=&#8221;#000000&#8243; header_font_size=&#8221;50px&#8221; header_letter_spacing=&#8221;2px&#8221; header_line_height=&#8221;1.3em&#8221; body_text_color=&#8221;#000000&#8243; body_font_size=&#8221;17px&#8221; body_line_height=&#8221;1.4em&#8221; use_background_color=&#8221;off&#8221; custom_button=&#8221;on&#8221; button_text_color=&#8221;#2E4702&#8243; button_bg_color=&#8221;#F7F0E6&#8243; button_border_color=&#8221;#2E4702&#8243; button_font=&#8221;||||||||&#8221; button_use_icon=&#8221;off&#8221; button_custom_margin=&#8221;15px||||false|false&#8221; button_custom_padding=&#8221;10px|15px|10px|15px|true|true&#8221; text_orientation=&#8221;left&#8221; background_layout=&#8221;light&#8221; animation_direction=&#8221;bottom&#8221; header_font_size_tablet=&#8221;&#8221; header_font_size_phone=&#8221;40px&#8221; header_font_size_last_edited=&#8221;on|tablet&#8221; header_letter_spacing_tablet=&#8221;2px&#8221; header_letter_spacing_phone=&#8221;1px&#8221; header_letter_spacing_last_edited=&#8221;on|phone&#8221; button_text_color_hover=&#8221;#ffffff&#8221; button_border_radius_hover=&#8221;66px&#8221; button_letter_spacing_hover=&#8221;1px&#8221; button_bg_color_hover=&#8221;rgba(47,56,84,0.9)&#8221; global_colors_info=&#8221;{}&#8221; button_text_size__hover_enabled=&#8221;off&#8221; button_one_text_size__hover_enabled=&#8221;off&#8221; button_two_text_size__hover_enabled=&#8221;off&#8221; button_text_color__hover_enabled=&#8221;on|desktop&#8221; button_one_text_color__hover_enabled=&#8221;off&#8221; button_two_text_color__hover_enabled=&#8221;off&#8221; button_border_width__hover_enabled=&#8221;off&#8221; button_one_border_width__hover_enabled=&#8221;off&#8221; button_two_border_width__hover_enabled=&#8221;off&#8221; button_border_color__hover_enabled=&#8221;on|desktop&#8221; button_one_border_color__hover_enabled=&#8221;off&#8221; button_two_border_color__hover_enabled=&#8221;off&#8221; button_border_radius__hover_enabled=&#8221;on&#8221; button_one_border_radius__hover_enabled=&#8221;off&#8221; button_two_border_radius__hover_enabled=&#8221;off&#8221; button_letter_spacing__hover_enabled=&#8221;on&#8221; button_letter_spacing__hover=&#8221;1px&#8221; button_one_letter_spacing__hover_enabled=&#8221;off&#8221; button_two_letter_spacing__hover_enabled=&#8221;off&#8221; button_bg_color__hover_enabled=&#8221;on|hover&#8221; button_bg_color__hover=&#8221;#2E4702&#8243; button_one_bg_color__hover_enabled=&#8221;off&#8221; button_two_bg_color__hover_enabled=&#8221;off&#8221; button_bg_enable_color__hover=&#8221;on&#8221; button_text_color__hover=&#8221;#F7F0E6&#8243; button_border_color__hover=&#8221;#2E4702&#8243;]<\/p>\n<p>Avantosauna &#8211; Artesaani-pizzaa<\/p>\n<p>[\/et_pb_cta][\/et_pb_column][\/et_pb_row][\/et_pb_section][et_pb_section fb_built=&#8221;1&#8243; _builder_version=&#8221;4.22.1&#8243; background_color=&#8221;#F7F0E6&#8243; background_enable_image=&#8221;off&#8221; custom_padding=&#8221;9px||16px|||&#8221; saved_tabs=&#8221;all&#8221; global_colors_info=&#8221;{}&#8221;][et_pb_row column_structure=&#8221;1_4,1_4,1_4,1_4&#8243; module_class=&#8221; et_pb_row_fullwidth&#8221; _builder_version=&#8221;4.20.4&#8243; width=&#8221;94%&#8221; width_tablet=&#8221;90%&#8221; width_phone=&#8221;&#8221; width_last_edited=&#8221;on|desktop&#8221; max_width=&#8221;94%&#8221; max_width_tablet=&#8221;90%&#8221; max_width_phone=&#8221;&#8221; max_width_last_edited=&#8221;on|desktop&#8221; make_fullwidth=&#8221;on&#8221; global_colors_info=&#8221;{}&#8221;][et_pb_column type=&#8221;1_4&#8243; _builder_version=&#8221;4.16&#8243; background_color_gradient_direction=&#8221;360deg&#8221; custom_padding=&#8221;|||&#8221; global_colors_info=&#8221;{}&#8221; custom_padding__hover=&#8221;|||&#8221;][et_pb_blurb title=&#8221;Tilaa Hirsirannan lahjakortti!&#8221; use_icon=&#8221;on&#8221; font_icon=&#8221;&#xe008;||divi||400&#8243; icon_color=&#8221;#D7BD73&#8243; icon_placement=&#8221;left&#8221; _builder_version=&#8221;4.22.1&#8243; header_font=&#8221;||||||||&#8221; header_text_color=&#8221;#000000&#8243; header_font_size=&#8221;26px&#8221; header_line_height=&#8221;1.2em&#8221; body_text_color=&#8221;#000000&#8243; body_line_height=&#8221;1.5em&#8221; body_link_text_color=&#8221;#C0CAD6&#8243; animation=&#8221;off&#8221; locked=&#8221;off&#8221; global_colors_info=&#8221;{}&#8221;]<\/p>\n<p>AVANTOSAUNA TAI ARVOLAHJAKORTIT<br \/>Voit tilata tulostettavan lahjakortin ja saat lahjakortin heti k\u00e4ytt\u00f6\u00f6si. Monipuoliset maksutavat.<\/p>\n<p>[\/et_pb_blurb][et_pb_toggle title=&#8221;Lis\u00e4tiedot&#8221; open_toggle_text_color=&#8221;#000000&#8243; open_toggle_background_color=&#8221;#FFFFFF&#8221; closed_toggle_text_color=&#8221;#FFFFFF&#8221; closed_toggle_background_color=&#8221;#214902&#8243; icon_color=&#8221;#FFFFFF&#8221; toggle_icon=&#8221;&#x3b;||divi||400&#8243; use_icon_font_size=&#8221;on&#8221; icon_font_size=&#8221;18px&#8221; open_icon_color=&#8221;#222C3A&#8221; open_toggle_icon=&#8221;&#x3a;||divi||400&#8243; _builder_version=&#8221;4.22.1&#8243; _module_preset=&#8221;default&#8221; title_text_color=&#8221;#000000&#8243; title_level=&#8221;h2&#8243; title_font=&#8221;||||||||&#8221; title_font_size=&#8221;22px&#8221; title_letter_spacing=&#8221;1px&#8221; closed_title_font=&#8221;||||||||&#8221; body_text_color=&#8221;#222C3A&#8221; body_font_size=&#8221;14px&#8221; body_link_font=&#8221;||||on|||#596B81|&#8221; body_link_text_color=&#8221;#596B81&#8243; hover_enabled=&#8221;0&#8243; border_width_all=&#8221;0px&#8221; global_colors_info=&#8221;{}&#8221; sticky_enabled=&#8221;0&#8243;]<\/p>\n<p>Tilaa tulostettava lahjakortti helposti. Valittavana on avantosauna-lahjakortit sek\u00e4 arvolahjakortti. Valitse haluamasi tuote, lis\u00e4\u00e4 se ostoskoriin, tarkista tilaus ja siirry kassalle. Viimeistele tiedot ja l\u00e4het\u00e4 tilaus. Sinut ohjataan Verifonen maksuportaaliin viimeistelem\u00e4\u00e4n ostos.<\/p>\n<p>K\u00e4yt\u00f6ss\u00e4 on BlueCommercen monipuoliset maksuvaihtoehdot. Maksun onnistumisen j\u00e4lkeen lahjakortti on heti voimassa. Tarkemmat tiedot maksamisesta ja toimitusajoista on luettavissa <a href=\"https:\/\/lahjakorttipalvelu.fi\/hirsiranta\/toimitusehdot\/\">toimitusehdoissa<\/a>. Kaikki lahjakorttimme ovat voimassa 12kk. Viimeinen k\u00e4ytt\u00f6p\u00e4iv\u00e4 on ilmoitettu lahjakortissa.<\/p>\n<p>[\/et_pb_toggle][\/et_pb_column][et_pb_column type=&#8221;1_4&#8243; _builder_version=&#8221;4.16&#8243; custom_padding=&#8221;|||&#8221; global_colors_info=&#8221;{}&#8221; custom_padding__hover=&#8221;|||&#8221;][et_pb_blurb title=&#8221;Tulostettava lahjakortti&#8221; use_icon=&#8221;on&#8221; font_icon=&#8221;&#xe103;||divi||400&#8243; icon_color=&#8221;#D7BD73&#8243; icon_placement=&#8221;left&#8221; _builder_version=&#8221;4.22.1&#8243; header_font=&#8221;||||||||&#8221; header_text_color=&#8221;#000000&#8243; header_font_size=&#8221;26px&#8221; header_line_height=&#8221;1.2em&#8221; body_text_color=&#8221;#000000&#8243; body_line_height=&#8221;1.5em&#8221; body_link_text_color=&#8221;#C0CAD6&#8243; animation=&#8221;off&#8221; global_colors_info=&#8221;{}&#8221;]<\/p>\n<p>LAHJAKORTTI HETI K\u00c4YTT\u00d6\u00d6SI<br \/>Maksa verkkopankissa ja tulosta! Saat lahjakortin s\u00e4hk\u00f6postiisi (pdf) ja se on n\u00e4in heti k\u00e4yt\u00f6ss\u00e4si.<\/p>\n<p>[\/et_pb_blurb][et_pb_toggle title=&#8221;Tutustu tarkemmin&#8221; open_toggle_text_color=&#8221;#000000&#8243; open_toggle_background_color=&#8221;#FFFFFF&#8221; closed_toggle_text_color=&#8221;#FFFFFF&#8221; closed_toggle_background_color=&#8221;#214902&#8243; icon_color=&#8221;#FFFFFF&#8221; toggle_icon=&#8221;&#x3b;||divi||400&#8243; use_icon_font_size=&#8221;on&#8221; icon_font_size=&#8221;18px&#8221; open_icon_color=&#8221;#222C3A&#8221; open_toggle_icon=&#8221;&#x3a;||divi||400&#8243; _builder_version=&#8221;4.22.1&#8243; _module_preset=&#8221;default&#8221; title_text_color=&#8221;#000000&#8243; title_level=&#8221;h2&#8243; title_font=&#8221;||||||||&#8221; title_font_size=&#8221;22px&#8221; title_letter_spacing=&#8221;1px&#8221; closed_title_font=&#8221;||||||||&#8221; body_text_color=&#8221;#222C3A&#8221; body_font_size=&#8221;14px&#8221; body_link_font=&#8221;||||on|||#596B81|&#8221; body_link_text_color=&#8221;#596B81&#8243; border_width_all=&#8221;0px&#8221; border_color_all=&#8221;#FFFFFF&#8221; global_colors_info=&#8221;{}&#8221;]<\/p>\n<p>Valitse haluamasi palvelu, valitse toimitustavaksi tulostettava lahjakortti ja lis\u00e4\u00e4 se ostoskoriin ja siirry maksamaan. Maksun saavuttua l\u00e4het\u00e4mme s\u00e4hk\u00f6postiisi tulostettavan pdf-lahjakorttitiedoston, joka on heti voimassa ja k\u00e4ytett\u00e4viss\u00e4. Voit tulostaa sen itse haluamallesi paperille tai l\u00e4hett\u00e4\u00e4 tiedoston lahjansaajalle.<\/p>\n<p>[\/et_pb_toggle][\/et_pb_column][et_pb_column type=&#8221;1_4&#8243; _builder_version=&#8221;4.16&#8243; custom_padding=&#8221;|||&#8221; global_colors_info=&#8221;{}&#8221; custom_padding__hover=&#8221;|||&#8221;][et_pb_blurb title=&#8221;Perinteinen lahjakortti&#8221; use_icon=&#8221;on&#8221; font_icon=&#8221;&#xe010;||divi||400&#8243; icon_color=&#8221;#D7BD73&#8243; icon_placement=&#8221;left&#8221; _builder_version=&#8221;4.22.1&#8243; header_font=&#8221;||||||||&#8221; header_text_color=&#8221;#000000&#8243; header_font_size=&#8221;26px&#8221; header_line_height=&#8221;1.2em&#8221; body_text_color=&#8221;#000000&#8243; body_line_height=&#8221;1.5em&#8221; body_link_text_color=&#8221;#C0CAD6&#8243; animation=&#8221;off&#8221; locked=&#8221;off&#8221; global_colors_info=&#8221;{}&#8221;]<\/p>\n<p>VOIT HALUTESSASI NOUTAA LAHJAKORTIN MY\u00d6S SUORAAN HOTELLI HIRSIRANNASTA.<br \/>Maksa paikan p\u00e4\u00e4ll\u00e4 ja tulostamme sinulle lahjakortin mukaasi.<\/p>\n<p>[\/et_pb_blurb][\/et_pb_column][et_pb_column type=&#8221;1_4&#8243; _builder_version=&#8221;4.16&#8243; custom_padding=&#8221;|||&#8221; global_colors_info=&#8221;{}&#8221; custom_padding__hover=&#8221;|||&#8221;][et_pb_blurb title=&#8221;Hotelli Hirsiranta&#8221; use_icon=&#8221;on&#8221; font_icon=&#8221;&#xe009;||divi||400&#8243; icon_color=&#8221;#D7BD73&#8243; icon_placement=&#8221;left&#8221; title_last_edited=&#8221;off|desktop&#8221; _builder_version=&#8221;4.22.1&#8243; header_font=&#8221;||||||||&#8221; header_text_color=&#8221;#000000&#8243; header_font_size=&#8221;26px&#8221; header_line_height=&#8221;1.2em&#8221; body_text_color=&#8221;#000000&#8243; body_line_height=&#8221;1.5em&#8221; body_link_text_color=&#8221;#2E4702&#8243; animation=&#8221;off&#8221; locked=&#8221;off&#8221; global_colors_info=&#8221;{}&#8221;]<\/p>\n<p>EL\u00c4MYKSI\u00c4 SAIMAAN RANNALLA<\/p>\n<p>Lomahovintie 3<br \/>56120 Ruokolahti<\/p>\n<p><a href=\"mailto:info@hirsiranta.fi\">info@hirsiranta.fi<\/a><br \/><a href=\"tel:+358%2044 231 8532\">+358 44 231 8532<\/a><br \/><a href=\"https:\/\/www.hirsiranta.fi\" target=\"_blank\" rel=\"noopener\">www.hirsiranta.fi<\/a><\/p>\n<p>&nbsp;<\/p>\n<p>[\/et_pb_blurb][\/et_pb_column][\/et_pb_row][\/et_pb_section][et_pb_section fb_built=&#8221;1&#8243; admin_label=&#8221;Products&#8221; _builder_version=&#8221;4.22.1&#8243; background_enable_color=&#8221;off&#8221; background_enable_image=&#8221;off&#8221; background_size=&#8221;contain&#8221; background_position=&#8221;top_center&#8221; custom_padding=&#8221;12px||29px|||&#8221; border_width_all=&#8221;1px&#8221; border_color_all=&#8221;#eae8e8&#8243; border_width_bottom=&#8221;0px&#8221; global_colors_info=&#8221;{}&#8221;][et_pb_row _builder_version=&#8221;4.19.1&#8243; _module_preset=&#8221;default&#8221; custom_padding=&#8221;5px|||||&#8221; global_colors_info=&#8221;{}&#8221;][et_pb_column type=&#8221;4_4&#8243; _builder_version=&#8221;4.19.1&#8243; _module_preset=&#8221;default&#8221; global_colors_info=&#8221;{}&#8221;][et_pb_image src=&#8221;https:\/\/lahjakorttipalvelu.fi\/hirsiranta\/wp-content\/uploads\/sites\/23\/2023\/11\/hirsiranta-logo.png&#8221; title_text=&#8221;hirsiranta-logo&#8221; show_bottom_space=&#8221;off&#8221; align=&#8221;center&#8221; _builder_version=&#8221;4.22.1&#8243; _module_preset=&#8221;default&#8221; max_width=&#8221;150px&#8221; module_alignment=&#8221;center&#8221; custom_margin=&#8221;||0px||false|false&#8221; custom_padding=&#8221;0px||0px||true|false&#8221; global_colors_info=&#8221;{}&#8221;][\/et_pb_image][et_pb_text content_tablet=&#8221;<\/p>\n<h2>Joulun Toivotuimmat<\/h2>\n<p>&#8221; content_phone=&#8221;<\/p>\n<h2>Joulun Toivotuimmat<\/h2>\n<p>&#8221; content_last_edited=&#8221;off|desktop&#8221; _builder_version=&#8221;4.22.1&#8243; text_font=&#8221;||||||||&#8221; text_text_color=&#8221;#D7BD73&#8243; text_font_size=&#8221;20px&#8221; text_letter_spacing=&#8221;1px&#8221; text_line_height=&#8221;1.8em&#8221; quote_font=&#8221;||||||||&#8221; header_2_font=&#8221;||||||||&#8221; header_2_text_color=&#8221;#2E4702&#8243; header_2_letter_spacing=&#8221;1px&#8221; text_orientation=&#8221;center&#8221; module_alignment=&#8221;center&#8221; custom_padding=&#8221;20px||0px||false|false&#8221; custom_padding_tablet=&#8221;||0px||false|false&#8221; custom_padding_phone=&#8221;||0px||false|false&#8221; custom_padding_last_edited=&#8221;on|desktop&#8221; header_2_font_size_tablet=&#8221;&#8221; header_2_font_size_phone=&#8221;35px&#8221; header_2_font_size_last_edited=&#8221;on|phone&#8221; header_2_line_height_tablet=&#8221;&#8221; header_2_line_height_phone=&#8221;1.2em&#8221; header_2_line_height_last_edited=&#8221;on|phone&#8221; global_colors_info=&#8221;{}&#8221; text_text_color__hover_enabled=&#8221;off|desktop&#8221;]<\/p>\n<p>HIRSIRANNAN LAHJAKORTIT<\/p>\n<h2>Hemmottele artesaani-pizzalla tai virkist\u00e4v\u00e4ll\u00e4 avantouinnilla yst\u00e4v\u00e4\u00e4, l\u00e4heist\u00e4, ty\u00f6kaveria&#8230;<\/h2>\n<p>[\/et_pb_text][\/et_pb_column][\/et_pb_row][et_pb_row column_structure=&#8221;2_3,1_3&#8243; use_custom_gutter=&#8221;on&#8221; make_equal=&#8221;on&#8221; custom_padding_last_edited=&#8221;on|phone&#8221; module_id=&#8221;featured&#8221; _builder_version=&#8221;4.22.1&#8243; background_color=&#8221;rgba(46,71,2,0.1)&#8221; width=&#8221;90%&#8221; custom_padding=&#8221;30px|30px|30px|30px|false|true&#8221; custom_padding_tablet=&#8221;30px|30px|30px|30px|false|true&#8221; custom_padding_phone=&#8221;20px|20px|20px|20px|true|true&#8221; custom_css_main_element=&#8221;outline: 1px solid #d7bd73;||outline-offset:10px;&#8221; border_color_all=&#8221;rgba(160,138,89,0.38)&#8221; global_colors_info=&#8221;{}&#8221;][et_pb_column type=&#8221;2_3&#8243; _builder_version=&#8221;4.20.4&#8243; custom_padding=&#8221;|||&#8221; global_colors_info=&#8221;{}&#8221; custom_padding__hover=&#8221;|||&#8221;][dgpc_product_carousel posts_number=&#8221;3&#8243; orderby=&#8221;date&#8221; add_to_cart=&#8221;on&#8221; show_items_desktop=&#8221;3&#8243; show_items_tablet=&#8221;2&#8243; multislide=&#8221;on&#8221; item_spacing=&#8221;20&#8243; arrow_nav=&#8221;on&#8221; equal_height=&#8221;on&#8221; ovarlay_color=&#8221;rgba(45,45,45,0.46)&#8221; cart_background=&#8221;rgba(255,255,255,0.8)&#8221; cart_background_hover=&#8221;rgba(255,255,255,0.8)&#8221; nav_font_size=&#8221;40px&#8221; arrow_color=&#8221;#FFFFFF&#8221; arrow_background=&#8221;#000000&#8243; arrow_on_hover=&#8221;on&#8221; arrow_inside=&#8221;on&#8221; image_hover_scale=&#8221;off&#8221; content_margin=&#8221;||||false|false&#8221; content_spacing=&#8221;12px|8px|12px|8px|true|true&#8221; content_spacing_tablet=&#8221;12px||12px||true|false&#8221; content_spacing_phone=&#8221;8px|8px|8px|8px|true|true&#8221; content_spacing_last_edited=&#8221;on|phone&#8221; content_spacing_top=&#8221;||||false|false&#8221; _builder_version=&#8221;4.22.1&#8243; _module_preset=&#8221;default&#8221; title_font=&#8221;DM Sans||||||||&#8221; title_text_align=&#8221;center&#8221; title_text_color=&#8221;#000000&#8243; title_font_size=&#8221;18px&#8221; title_line_height=&#8221;1.2em&#8221; price_font=&#8221;|700|||||||&#8221; price_text_align=&#8221;center&#8221; price_text_color=&#8221;#2E4702&#8243; price_font_size=&#8221;17px&#8221; price_letter_spacing=&#8221;1px&#8221; cart_font=&#8221;|600|||||||&#8221; cart_text_color=&#8221;#000000&#8243; cart_font_size=&#8221;12px&#8221; cart_line_height=&#8221;1.2em&#8221; background_color=&#8221;#FFFFFF&#8221; custom_margin=&#8221;||18px||false|true&#8221; custom_margin_tablet=&#8221;||18px||false|true&#8221; custom_margin_phone=&#8221;||0px||false|true&#8221; custom_margin_last_edited=&#8221;on|phone&#8221; custom_padding=&#8221;||||false|false&#8221; border_width_all=&#8221;1px&#8221; border_color_all=&#8221;#2e4702&#8243; border_width_all_image=&#8221;10px&#8221; border_color_all_image=&#8221;RGBA(255,255,255,0)&#8221; locked=&#8221;off&#8221; global_colors_info=&#8221;{}&#8221;][\/dgpc_product_carousel][\/et_pb_column][et_pb_column type=&#8221;1_3&#8243; _builder_version=&#8221;4.22.1&#8243; background_enable_color=&#8221;off&#8221; background_image=&#8221;https:\/\/lahjakorttipalvelu.fi\/hirsiranta\/wp-content\/uploads\/sites\/23\/2023\/11\/pizza.jpg&#8221; background_position=&#8221;bottom_center&#8221; background_blend=&#8221;multiply&#8221; custom_padding=&#8221;|||&#8221; custom_padding_tablet=&#8221;30px||50px||false|false&#8221; custom_padding_phone=&#8221;30px||50px||false|false&#8221; custom_padding_last_edited=&#8221;on|tablet&#8221; background_last_edited=&#8221;on|phone&#8221; background_enable_color_tablet=&#8221;off&#8221; use_background_color_gradient_tablet=&#8221;off&#8221; use_background_color_gradient_phone=&#8221;off&#8221; background_size_tablet=&#8221;cover&#8221; background_position_tablet=&#8221;center&#8221; global_colors_info=&#8221;{}&#8221; custom_padding__hover=&#8221;|||&#8221;][et_pb_text _builder_version=&#8221;4.22.1&#8243; _module_preset=&#8221;default&#8221; text_font=&#8221;|700|||||||&#8221; text_text_color=&#8221;#FFFFFF&#8221; text_font_size=&#8221;18px&#8221; text_letter_spacing=&#8221;1px&#8221; header_3_font=&#8221;|800|||||||&#8221; header_3_text_color=&#8221;#FFFFFF&#8221; header_3_font_size=&#8221;32px&#8221; header_3_letter_spacing=&#8221;0.1px&#8221; text_orientation=&#8221;center&#8221; custom_padding=&#8221;30px|10px||10px|false|true&#8221; header_3_font_last_edited=&#8221;off|desktop&#8221; global_colors_info=&#8221;{}&#8221;]<\/p>\n<p>HOTELLI HIRSIRANNAN<br \/>LAHJAKORTTI<\/p>\n<h3>Anna<br \/>Ainutlaatuinen<br \/>kokemus<\/h3>\n<p>L\u00e4heiselle, Yst\u00e4v\u00e4lle, Rakkaalle, Ty\u00f6kaverille&#8230;<\/p>\n<p>[\/et_pb_text][et_pb_button button_url=&#8221;@ET-DC@eyJkeW5hbWljIjp0cnVlLCJjb250ZW50IjoicG9zdF9saW5rX3VybF9wYWdlIiwic2V0dGluZ3MiOnsicG9zdF9pZCI6IjExOCJ9fQ==@&#8221; button_text=&#8221;KAIKKI LAHJAKORTIT&#8221; button_alignment=&#8221;center&#8221; _builder_version=&#8221;4.20.4&#8243; _dynamic_attributes=&#8221;button_url&#8221; _module_preset=&#8221;default&#8221; custom_button=&#8221;on&#8221; button_text_color=&#8221;#FFFFFF&#8221; button_bg_color=&#8221;RGBA(255,255,255,0)&#8221; button_border_color=&#8221;#FFFFFF&#8221; button_font=&#8221;|600|||||||&#8221; custom_margin=&#8221;||20px||false|false&#8221; custom_padding=&#8221;10px||10px||true|false&#8221; global_colors_info=&#8221;{}&#8221; button_border_color__hover_enabled=&#8221;on|hover&#8221; button_border_color__hover=&#8221;#FFFFFF&#8221;][\/et_pb_button][\/et_pb_column][\/et_pb_row][\/et_pb_section]<\/p>\n","protected":false},"excerpt":{"rendered":"<p>HOTELLI HIRSIRANTA &#8211; SAIMAAN RANNALLAAvantosauna &#8211; Artesaani-pizzaaAVANTOSAUNA TAI ARVOLAHJAKORTITVoit tilata tulostettavan lahjakortin ja saat lahjakortin heti k\u00e4ytt\u00f6\u00f6si. Monipuoliset maksutavat.Tilaa tulostettava lahjakortti helposti. Valittavana on avantosauna-lahjakortit sek\u00e4 arvolahjakortti. Valitse haluamasi tuote, lis\u00e4\u00e4 se ostoskoriin, tarkista tilaus ja siirry kassalle. Viimeistele tiedot ja l\u00e4het\u00e4 tilaus. Sinut ohjataan Verifonen maksuportaaliin viimeistelem\u00e4\u00e4n ostos. K\u00e4yt\u00f6ss\u00e4 on BlueCommercen monipuoliset maksuvaihtoehdot. Maksun [&hellip;]<\/p>\n","protected":false},"author":1,"featured_media":245574,"parent":0,"menu_order":0,"comment_status":"open","ping_status":"closed","template":"","meta":{"_et_pb_use_builder":"on","_et_pb_old_content":"","_et_gb_content_width":"","footnotes":""},"class_list":["post-115","page","type-page","status-publish","has-post-thumbnail","hentry"],"_links":{"self":[{"href":"https:\/\/lahjakorttipalvelu.fi\/hirsiranta\/wp-json\/wp\/v2\/pages\/115","targetHints":{"allow":["GET"]}}],"collection":[{"href":"https:\/\/lahjakorttipalvelu.fi\/hirsiranta\/wp-json\/wp\/v2\/pages"}],"about":[{"href":"https:\/\/lahjakorttipalvelu.fi\/hirsiranta\/wp-json\/wp\/v2\/types\/page"}],"author":[{"embeddable":true,"href":"https:\/\/lahjakorttipalvelu.fi\/hirsiranta\/wp-json\/wp\/v2\/users\/1"}],"replies":[{"embeddable":true,"href":"https:\/\/lahjakorttipalvelu.fi\/hirsiranta\/wp-json\/wp\/v2\/comments?post=115"}],"version-history":[{"count":0,"href":"https:\/\/lahjakorttipalvelu.fi\/hirsiranta\/wp-json\/wp\/v2\/pages\/115\/revisions"}],"wp:featuredmedia":[{"embeddable":true,"href":"https:\/\/lahjakorttipalvelu.fi\/hirsiranta\/wp-json\/wp\/v2\/media\/245574"}],"wp:attachment":[{"href":"https:\/\/lahjakorttipalvelu.fi\/hirsiranta\/wp-json\/wp\/v2\/media?parent=115"}],"curies":[{"name":"wp","href":"https:\/\/api.w.org\/{rel}","templated":true}]}}