{"id":118,"date":"2020-11-23T01:37:14","date_gmt":"2020-11-22T23:37:14","guid":{"rendered":"https:\/\/lahjakorttipalvelu.fi\/villa-sukka\/verkkokauppa\/"},"modified":"2025-04-24T09:36:01","modified_gmt":"2025-04-24T06:36:01","slug":"kaikki-lahjakortit","status":"publish","type":"page","link":"https:\/\/lahjakorttipalvelu.fi\/kcclinic\/kaikki-lahjakortit\/","title":{"rendered":"Kaikki lahjakortit KC Clinic"},"content":{"rendered":"\n[et_pb_section fb_built=&#8221;1&#8243; admin_label=&#8221;Hero&#8221; _builder_version=&#8221;4.27.4&#8243; background_image=&#8221;https:\/\/lahjakorttipalvelu.fi\/kcclinic\/wp-content\/uploads\/sites\/24\/2025\/02\/kansi-matala3.jpg&#8221; background_position=&#8221;top_center&#8221; custom_padding=&#8221;3vw||2vw||false|false&#8221; background_last_edited=&#8221;off|phone&#8221; background_size_phone=&#8221;cover&#8221; background_position_tablet=&#8221;top_center&#8221; background_position_phone=&#8221;top_left&#8221; saved_tabs=&#8221;all&#8221; locked=&#8221;off&#8221; global_colors_info=&#8221;{}&#8221;][et_pb_row _builder_version=&#8221;4.27.4&#8243; background_size=&#8221;initial&#8221; background_position=&#8221;top_left&#8221; background_repeat=&#8221;repeat&#8221; custom_padding=&#8221;0px||0px||true|false&#8221; global_colors_info=&#8221;{}&#8221;][et_pb_column type=&#8221;4_4&#8243; _builder_version=&#8221;4.16&#8243; custom_padding=&#8221;|||&#8221; global_colors_info=&#8221;{}&#8221; custom_padding__hover=&#8221;|||&#8221;][et_pb_cta title=&#8221;@ET-DC@eyJkeW5hbWljIjp0cnVlLCJjb250ZW50IjoicG9zdF90aXRsZSIsInNldHRpbmdzIjp7ImJlZm9yZSI6IiIsImFmdGVyIjoiIn19@&#8221; button_url=&#8221;#&#8221; _builder_version=&#8221;4.27.4&#8243; _dynamic_attributes=&#8221;title&#8221; header_level=&#8221;h1&#8243; header_font=&#8221;|300||on|||||&#8221; header_text_align=&#8221;left&#8221; header_text_color=&#8221;#201E1A&#8221; header_font_size=&#8221;50px&#8221; header_letter_spacing=&#8221;1px&#8221; header_line_height=&#8221;1.3em&#8221; body_font=&#8221;Montserrat|600|||||||&#8221; body_font_size=&#8221;22px&#8221; body_line_height=&#8221;1.9em&#8221; use_background_color=&#8221;off&#8221; custom_button=&#8221;on&#8221; button_text_size=&#8221;16px&#8221; button_text_color=&#8221;#ffffff&#8221; button_bg_color=&#8221;#2f3854&#8243; button_border_width=&#8221;10px&#8221; button_border_color=&#8221;rgba(47,56,84,0)&#8221; button_border_radius=&#8221;60px&#8221; button_letter_spacing=&#8221;1px&#8221; button_font=&#8221;Montserrat|700||on|||||&#8221; button_use_icon=&#8221;off&#8221; background_layout=&#8221;light&#8221; width=&#8221;100%&#8221; max_width=&#8221;80%&#8221; animation_direction=&#8221;bottom&#8221; header_font_size_tablet=&#8221;&#8221; header_font_size_phone=&#8221;50px&#8221; header_font_size_last_edited=&#8221;on|phone&#8221; button_text_color_hover=&#8221;#ffffff&#8221; button_border_radius_hover=&#8221;66px&#8221; button_letter_spacing_hover=&#8221;1px&#8221; button_bg_color_hover=&#8221;rgba(47,56,84,0.9)&#8221; global_colors_info=&#8221;{}&#8221; button_text_size__hover_enabled=&#8221;off&#8221; button_one_text_size__hover_enabled=&#8221;off&#8221; button_two_text_size__hover_enabled=&#8221;off&#8221; button_text_color__hover_enabled=&#8221;on&#8221; button_text_color__hover=&#8221;#ffffff&#8221; button_one_text_color__hover_enabled=&#8221;off&#8221; button_two_text_color__hover_enabled=&#8221;off&#8221; button_border_width__hover_enabled=&#8221;off&#8221; button_one_border_width__hover_enabled=&#8221;off&#8221; button_two_border_width__hover_enabled=&#8221;off&#8221; button_border_color__hover_enabled=&#8221;off&#8221; button_one_border_color__hover_enabled=&#8221;off&#8221; button_two_border_color__hover_enabled=&#8221;off&#8221; button_border_radius__hover_enabled=&#8221;on&#8221; button_border_radius__hover=&#8221;66px&#8221; button_one_border_radius__hover_enabled=&#8221;off&#8221; button_two_border_radius__hover_enabled=&#8221;off&#8221; button_letter_spacing__hover_enabled=&#8221;on&#8221; button_letter_spacing__hover=&#8221;1px&#8221; button_one_letter_spacing__hover_enabled=&#8221;off&#8221; button_two_letter_spacing__hover_enabled=&#8221;off&#8221; button_bg_color__hover_enabled=&#8221;on&#8221; button_bg_color__hover=&#8221;rgba(47,56,84,0.9)&#8221; button_one_bg_color__hover_enabled=&#8221;off&#8221; button_two_bg_color__hover_enabled=&#8221;off&#8221;][\/et_pb_cta][\/et_pb_column][\/et_pb_row][\/et_pb_section][et_pb_section fb_built=&#8221;1&#8243; admin_label=&#8221;Products&#8221; _builder_version=&#8221;4.27.4&#8243; background_enable_image=&#8221;off&#8221; background_size=&#8221;custom&#8221; background_image_width=&#8221;37%&#8221; background_position=&#8221;bottom_right&#8221; custom_padding=&#8221;2px|||||&#8221; global_colors_info=&#8221;{}&#8221;][et_pb_row column_structure=&#8221;3_4,1_4&#8243; use_custom_gutter=&#8221;on&#8221; gutter_width=&#8221;1&#8243; make_equal=&#8221;on&#8221; _builder_version=&#8221;4.27.4&#8243; global_colors_info=&#8221;{}&#8221;][et_pb_column type=&#8221;3_4&#8243; _builder_version=&#8221;4.16&#8243; custom_padding=&#8221;|30px|||false|false&#8221; border_width_right=&#8221;1px&#8221; border_color_right=&#8221;#deebf2&#8243; global_colors_info=&#8221;{}&#8221; custom_padding__hover=&#8221;|||&#8221;][et_pb_shop type=&#8221;product_category&#8221; posts_number=&#8221;24&#8243; show_pagination=&#8221;on&#8221; columns_number=&#8221;4&#8243; orderby=&#8221;date&#8221; sale_badge_color=&#8221;#61CE70&#8243; icon_hover_color=&#8221;#201E1A&#8221; hover_overlay_color=&#8221;rgba(255,255,255,0.85)&#8221; hover_icon=&#8221;&#xe013;||divi||400&#8243; _builder_version=&#8221;4.27.4&#8243; title_font=&#8221;|||on|||||&#8221; title_text_align=&#8221;center&#8221; title_text_color=&#8221;#201E1A&#8221; title_font_size=&#8221;15px&#8221; title_letter_spacing=&#8221;0.5px&#8221; title_line_height=&#8221;1.4em&#8221; price_text_align=&#8221;center&#8221; price_text_color=&#8221;#201E1A&#8221; price_font_size=&#8221;16px&#8221; price_line_height=&#8221;1.4em&#8221; sale_price_font=&#8221;||||||||&#8221; sale_price_text_color=&#8221;#201E1A&#8221; custom_css_product=&#8221;border:1px solid rgba(128,128,128,0.62);||background-color:white;||&#8221; custom_css_image=&#8221;padding:6px;&#8221; custom_css_title=&#8221;padding: 0 6px&#8221; custom_css_price=&#8221;padding:8px;||margin-bottom:12px;||display:inline-block;||&#8221; border_width_all_image=&#8221;2px&#8221; border_color_all_image=&#8221;#FFFFFF&#8221; global_colors_info=&#8221;{}&#8221;][\/et_pb_shop][\/et_pb_column][et_pb_column type=&#8221;1_4&#8243; _builder_version=&#8221;4.16&#8243; custom_padding=&#8221;|||&#8221; global_colors_info=&#8221;{}&#8221; custom_padding__hover=&#8221;|||&#8221;][et_pb_sidebar area=&#8221;sidebar-1&#8243; show_border=&#8221;off&#8221; _builder_version=&#8221;4.27.4&#8243; _module_preset=&#8221;default&#8221; header_font=&#8221;|||on|||||&#8221; header_text_color=&#8221;#201E1A&#8221; header_font_size=&#8221;17px&#8221; header_letter_spacing=&#8221;1px&#8221; body_font=&#8221;|&#8211;et_global_body_font_weight|||||||&#8221; body_text_color=&#8221;#201E1A&#8221; body_font_size=&#8221;15px&#8221; body_line_height=&#8221;1.4em&#8221; custom_padding=&#8221;|||20px|false|false&#8221; custom_css_widget=&#8221;padding-bottom: 15px;border-bottom:1px solid gray&#8221; custom_css_title=&#8221;margin-bottom:0px;||padding-bottom:8px;||margin-top:20px;&#8221; global_colors_info=&#8221;{}&#8221;][\/et_pb_sidebar][\/et_pb_column][\/et_pb_row][\/et_pb_section][et_pb_section fb_built=&#8221;1&#8243; disabled_on=&#8221;off|off|off&#8221; admin_label=&#8221;Subscribe&#8221; _builder_version=&#8221;4.27.4&#8243; background_color=&#8221;#201E1A&#8221; background_enable_image=&#8221;off&#8221; background_blend=&#8221;multiply&#8221; custom_padding=&#8221;50px|0px|1vw|0px|false|false&#8221; animation_direction=&#8221;bottom&#8221; background_color_gradient_stops_tablet=&#8221;#ffffff 0%|rgba(255,255,255,0) 30%&#8221; background_color_gradient_stops_phone=&#8221;#ffffff 0%|rgba(255,255,255,0) 30%&#8221; saved_tabs=&#8221;all&#8221; locked=&#8221;off&#8221; global_colors_info=&#8221;{}&#8221;][et_pb_row _builder_version=&#8221;4.27.4&#8243; _module_preset=&#8221;default&#8221; custom_padding=&#8221;0px||0px||true|false&#8221; global_colors_info=&#8221;{}&#8221;][et_pb_column type=&#8221;4_4&#8243; _builder_version=&#8221;4.27.4&#8243; _module_preset=&#8221;default&#8221; global_colors_info=&#8221;{}&#8221;][et_pb_image src=&#8221;https:\/\/lahjakorttipalvelu.fi\/kcclinic\/wp-content\/uploads\/sites\/24\/2025\/02\/Valkoinen-logo-KC-Clinic-1.png&#8221; title_text=&#8221;Valkoinen-logo-KC-Clinic&#8221; _builder_version=&#8221;4.27.4&#8243; _module_preset=&#8221;default&#8221; max_width=&#8221;200px&#8221; custom_margin=&#8221;-10px||9px||false|false&#8221; global_colors_info=&#8221;{}&#8221;][\/et_pb_image][\/et_pb_column][\/et_pb_row][et_pb_row column_structure=&#8221;1_4,1_4,1_4,1_4&#8243; use_custom_gutter=&#8221;on&#8221; make_equal=&#8221;on&#8221; _builder_version=&#8221;4.27.4&#8243; _module_preset=&#8221;default&#8221; custom_padding=&#8221;0px||||false|false&#8221; global_colors_info=&#8221;{}&#8221;][et_pb_column type=&#8221;1_4&#8243; _builder_version=&#8221;4.27.4&#8243; _module_preset=&#8221;default&#8221; global_colors_info=&#8221;{}&#8221;][et_pb_text _builder_version=&#8221;4.27.4&#8243; _module_preset=&#8221;default&#8221; text_font_size=&#8221;15px&#8221; text_line_height=&#8221;1.6em&#8221; link_font=&#8221;||||on||||&#8221; link_text_color=&#8221;#FFFFFF&#8221; background_layout=&#8221;dark&#8221; max_width=&#8221;400px&#8221; locked=&#8221;off&#8221; global_colors_info=&#8221;{}&#8221;]<p>KC Clinic on Tampereella toimiva esteettiseen hoitoon, plastiikkakirurgiaan, hyvinvointiin ja kauneudenhoitoon erikoistunut l\u00e4\u00e4k\u00e4riasema sek\u00e4 sairaala. Konsultaatioita ja injektiohoitoja varattavissa my\u00f6s Helsingin toimipisteellemme.<\/p>[\/et_pb_text][\/et_pb_column][et_pb_column type=&#8221;1_4&#8243; _builder_version=&#8221;4.27.4&#8243; _module_preset=&#8221;default&#8221; global_colors_info=&#8221;{}&#8221;][et_pb_text _builder_version=&#8221;4.27.4&#8243; _module_preset=&#8221;default&#8221; link_font=&#8221;||||on||||&#8221; link_text_color=&#8221;#FFFFFF&#8221; header_4_font=&#8221;|||on|||||&#8221; header_4_letter_spacing=&#8221;1px&#8221; background_layout=&#8221;dark&#8221; custom_padding_tablet=&#8221;20px||||false|false&#8221; custom_padding_phone=&#8221;20px||||false|false&#8221; custom_padding_last_edited=&#8221;on|tablet&#8221; border_color_top=&#8221;#757575&#8243; border_width_top_tablet=&#8221;1px&#8221; border_width_top_phone=&#8221;1px&#8221; border_width_top_last_edited=&#8221;on|tablet&#8221; global_colors_info=&#8221;{}&#8221;]<h4>KC Clinic Tampere<\/h4>\n<p>Rautatienkatu 27, 33100 Tampere<br \/><a href=\"tel:020%20757 1150\">020 757 1150<\/a><br \/><a href=\"mailto:asiakaspalvelu@kc-clinic.fi\">asiakaspalvelu@kc-clinic.fi<\/a><\/p>\n<p>Aukioloajat:<br \/>Ma &#8211; To: 10.00 &#8211; 16.00<br \/>Pe: 10.00 &#8211; 15.00<\/p>[\/et_pb_text][\/et_pb_column][et_pb_column type=&#8221;1_4&#8243; _builder_version=&#8221;4.27.4&#8243; _module_preset=&#8221;default&#8221; global_colors_info=&#8221;{}&#8221;][et_pb_text _builder_version=&#8221;4.27.4&#8243; _module_preset=&#8221;default&#8221; link_font=&#8221;||||on||||&#8221; link_text_color=&#8221;#FFFFFF&#8221; header_4_font=&#8221;|||on|||||&#8221; header_4_letter_spacing=&#8221;1px&#8221; background_layout=&#8221;dark&#8221; custom_padding_tablet=&#8221;20px||||false|false&#8221; custom_padding_phone=&#8221;20px||||false|false&#8221; custom_padding_last_edited=&#8221;on|tablet&#8221; border_color_top=&#8221;#757575&#8243; border_width_top_tablet=&#8221;1px&#8221; border_width_top_phone=&#8221;1px&#8221; border_width_top_last_edited=&#8221;on|tablet&#8221; locked=&#8221;off&#8221; global_colors_info=&#8221;{}&#8221;]<h4>KC Clinic Helsinki<\/h4>\n<p>Kirkkokatu 1 B, 00170 Helsinki<br \/><a href=\"tel:020%20757 1150\">020 757 1150<\/a><br \/><a href=\"mailto:asiakaspalvelu@kc-clinic.fi\">asiakaspalvelu@kc-clinic.fi<\/a><\/p>\n<p>Aukioloajat:<br \/>Avoinna sopimuksen mukaan!<\/p>[\/et_pb_text][\/et_pb_column][et_pb_column type=&#8221;1_4&#8243; _builder_version=&#8221;4.27.4&#8243; _module_preset=&#8221;default&#8221; global_colors_info=&#8221;{}&#8221;][et_pb_text _builder_version=&#8221;4.27.4&#8243; _module_preset=&#8221;default&#8221; text_font=&#8221;|||on|||||&#8221; text_font_size=&#8221;15px&#8221; link_font=&#8221;||||on||||&#8221; link_text_color=&#8221;#FFFFFF&#8221; background_layout=&#8221;dark&#8221; max_width=&#8221;400px&#8221; custom_padding_tablet=&#8221;20px||||false|false&#8221; custom_padding_phone=&#8221;20px||||false|false&#8221; custom_padding_last_edited=&#8221;on|tablet&#8221; border_color_top=&#8221;#757575&#8243; border_width_top_tablet=&#8221;1px&#8221; border_width_top_phone=&#8221;1px&#8221; border_width_top_last_edited=&#8221;on|tablet&#8221; locked=&#8221;off&#8221; global_colors_info=&#8221;{}&#8221;]<h4>Linkit<\/h4>\n<p><a href=\"#\">Tilaus- ja Toimitusehdot<\/a><\/p>\n<p><a href=\"#\">Tietosuojaseloste<\/a><\/p>[\/et_pb_text][et_pb_image src=&#8221;https:\/\/lahjakorttipalvelu.fi\/kcclinic\/wp-content\/uploads\/sites\/24\/2025\/02\/bluecommerce_maksutavat-vaaka.png&#8221; title_text=&#8221;bluecommerce_maksutavat-vaaka&#8221; _builder_version=&#8221;4.27.4&#8243; _module_preset=&#8221;default&#8221; module_alignment=&#8221;left&#8221; global_colors_info=&#8221;{}&#8221;][\/et_pb_image][\/et_pb_column][\/et_pb_row][\/et_pb_section][et_pb_section fb_built=&#8221;1&#8243; _builder_version=&#8221;4.27.4&#8243; _module_preset=&#8221;default&#8221; background_color=&#8221;#000000&#8243; custom_padding=&#8221;0px||0px||true|false&#8221; global_colors_info=&#8221;{}&#8221;][et_pb_row use_custom_gutter=&#8221;on&#8221; gutter_width=&#8221;1&#8243; _builder_version=&#8221;4.27.4&#8243; _module_preset=&#8221;default&#8221; width=&#8221;100%&#8221; custom_padding=&#8221;5px||5px||true|false&#8221; global_colors_info=&#8221;{}&#8221;][et_pb_column type=&#8221;4_4&#8243; _builder_version=&#8221;4.27.4&#8243; _module_preset=&#8221;default&#8221; global_colors_info=&#8221;{}&#8221;][et_pb_text _builder_version=&#8221;4.27.4&#8243; _dynamic_attributes=&#8221;content&#8221; _module_preset=&#8221;default&#8221; text_font=&#8221;||||||||&#8221; text_text_color=&#8221;#FFFFFF&#8221; text_font_size=&#8221;15px&#8221; text_line_height=&#8221;1.5em&#8221; link_font=&#8221;||||on|||#FFFFFF|&#8221; link_text_color=&#8221;#FFFFFF&#8221; text_orientation=&#8221;center&#8221; custom_padding=&#8221;8px||8px||true|false&#8221; link_option_url=&#8221;https:\/\/tgsturku.fi&#8221; global_colors_info=&#8221;{}&#8221;]@ET-DC@eyJkeW5hbWljIjp0cnVlLCJjb250ZW50IjoicG9zdF9kYXRlIiwic2V0dGluZ3MiOnsiYmVmb3JlIjoiTGFoamFrb3J0dGlwYWx2ZWx1LmZpIDxicj4gXHUwMGE5IFByb3ZpZGVkIGJ5IFRHUyBUdXJrdSAiLCJhZnRlciI6IiIsImRhdGVfZm9ybWF0IjoiY3VzdG9tIiwiY3VzdG9tX2RhdGVfZm9ybWF0IjoiWSJ9fQ==@[\/et_pb_text][\/et_pb_column][\/et_pb_row][\/et_pb_section]\n","protected":false},"excerpt":{"rendered":"<p>KC Clinic on Tampereella toimiva esteettiseen hoitoon, plastiikkakirurgiaan, hyvinvointiin ja kauneudenhoitoon erikoistunut l\u00e4\u00e4k\u00e4riasema sek\u00e4 sairaala. Konsultaatioita ja injektiohoitoja varattavissa my\u00f6s Helsingin toimipisteellemme.KC Clinic Tampere Rautatienkatu 27, 33100 Tampere020 757 1150asiakaspalvelu@kc-clinic.fi Aukioloajat:Ma &#8211; To: 10.00 &#8211; 16.00Pe: 10.00 &#8211; 15.00KC Clinic Helsinki Kirkkokatu 1 B, 00170 Helsinki020 757 1150asiakaspalvelu@kc-clinic.fi Aukioloajat:Avoinna sopimuksen mukaan!Linkit Tilaus- ja Toimitusehdot Tietosuojaseloste<\/p>\n","protected":false},"author":1,"featured_media":245586,"parent":0,"menu_order":0,"comment_status":"open","ping_status":"closed","template":"","meta":{"_et_pb_use_builder":"on","_et_pb_old_content":"","_et_gb_content_width":"","footnotes":""},"class_list":["post-118","page","type-page","status-publish","has-post-thumbnail","hentry"],"_links":{"self":[{"href":"https:\/\/lahjakorttipalvelu.fi\/kcclinic\/wp-json\/wp\/v2\/pages\/118","targetHints":{"allow":["GET"]}}],"collection":[{"href":"https:\/\/lahjakorttipalvelu.fi\/kcclinic\/wp-json\/wp\/v2\/pages"}],"about":[{"href":"https:\/\/lahjakorttipalvelu.fi\/kcclinic\/wp-json\/wp\/v2\/types\/page"}],"author":[{"embeddable":true,"href":"https:\/\/lahjakorttipalvelu.fi\/kcclinic\/wp-json\/wp\/v2\/users\/1"}],"replies":[{"embeddable":true,"href":"https:\/\/lahjakorttipalvelu.fi\/kcclinic\/wp-json\/wp\/v2\/comments?post=118"}],"version-history":[{"count":0,"href":"https:\/\/lahjakorttipalvelu.fi\/kcclinic\/wp-json\/wp\/v2\/pages\/118\/revisions"}],"wp:featuredmedia":[{"embeddable":true,"href":"https:\/\/lahjakorttipalvelu.fi\/kcclinic\/wp-json\/wp\/v2\/media\/245586"}],"wp:attachment":[{"href":"https:\/\/lahjakorttipalvelu.fi\/kcclinic\/wp-json\/wp\/v2\/media?parent=118"}],"curies":[{"name":"wp","href":"https:\/\/api.w.org\/{rel}","templated":true}]}}