{"id":244777,"date":"2025-02-05T09:00:31","date_gmt":"2025-02-05T07:00:31","guid":{"rendered":"https:\/\/lahjakorttipalvelu.fi\/kcclinic\/?post_type=product&#038;p=244777"},"modified":"2026-02-16T14:53:36","modified_gmt":"2026-02-16T12:53:36","slug":"esteettinen-botuliinihoito-plastiikkakirurgi","status":"publish","type":"product","link":"https:\/\/lahjakorttipalvelu.fi\/kcclinic\/lahjakortti\/esteettinen-botuliinihoito-plastiikkakirurgi\/","title":{"rendered":"Esteettinen botuliinihoito, plastiikkakirurgi"},"content":{"rendered":"<h3>1 ampulli botuliinihoito<\/h3>\n<h3>Esteettisen botuliinihoidon p\u00e4\u00e4k\u00e4ytt\u00f6alueena on otsan alueen vaakajuonteiden ja kulmakarvojen v\u00e4listen pystyjuonteiden ns. Sibelius-juonteiden (vihajuonteet) hoitaminen.<\/h3>\n<h3>Muita hoidettavia alueita:<\/h3>\n<ul>\n<li>naurujuonteet<\/li>\n<li>nen\u00e4n tyven poikkijuonteet<\/li>\n<li>nen\u00e4nseliss\u00e4 olevat pupujussi juonteet (bunnylines)<\/li>\n<li>nen\u00e4nk\u00e4rki tilanteessa kun nen\u00e4n k\u00e4rki vet\u00e4ytyy alasp\u00e4in (noitanen\u00e4)<\/li>\n<li>suupielten alasp\u00e4in vet\u00e4ytyminen<\/li>\n<li>leuan k\u00e4rjen rypistyminen<\/li>\n<li>kaulan kiristysjuonteita ja poimuja<\/li>\n<li>ienhymy<\/li>\n<\/ul>\n<p>Botuliinihoito on turvallinen ja tehokas. K\u00e4yt\u00f6ss\u00e4mme on erityisesti esteettisiin botuliinihoitoihin kehitetty Azzalure, jolla on mahdollista saada nopeampi tulos ja pidempi vaikutusaika.<\/p>\n","protected":false},"excerpt":{"rendered":"<p>1 ampulli botuliinihoito Esteettisen botuliinihoidon p\u00e4\u00e4k\u00e4ytt\u00f6alueena on otsan alueen vaakajuonteiden ja kulmakarvojen v\u00e4listen pystyjuonteiden ns. Sibelius-juonteiden (vihajuonteet) hoitaminen. Muita hoidettavia alueita: naurujuonteet nen\u00e4n tyven poikkijuonteet nen\u00e4nseliss\u00e4 olevat pupujussi juonteet (bunnylines) nen\u00e4nk\u00e4rki tilanteessa kun nen\u00e4n k\u00e4rki vet\u00e4ytyy alasp\u00e4in (noitanen\u00e4) suupielten alasp\u00e4in vet\u00e4ytyminen leuan k\u00e4rjen rypistyminen kaulan kiristysjuonteita ja poimuja ienhymy Botuliinihoito on turvallinen ja tehokas. K\u00e4yt\u00f6ss\u00e4mme [&hellip;]<\/p>\n","protected":false},"featured_media":245352,"template":"","meta":{"_et_pb_use_builder":"","_et_pb_old_content":"","_et_gb_content_width":""},"product_brand":[],"product_cat":[147,20,153],"product_tag":[169,158],"class_list":{"0":"post-244777","1":"product","2":"type-product","3":"status-publish","4":"has-post-thumbnail","6":"product_cat-botuliinihoito","7":"product_cat-lahjakortti","8":"product_cat-plastiikkakirurgi","9":"product_tag-botuliini","10":"product_tag-plastiikkakirurgi","12":"first","13":"instock","14":"downloadable","15":"virtual","16":"taxable","17":"purchasable","18":"product-type-simple"},"_links":{"self":[{"href":"https:\/\/lahjakorttipalvelu.fi\/kcclinic\/wp-json\/wp\/v2\/product\/244777","targetHints":{"allow":["GET"]}}],"collection":[{"href":"https:\/\/lahjakorttipalvelu.fi\/kcclinic\/wp-json\/wp\/v2\/product"}],"about":[{"href":"https:\/\/lahjakorttipalvelu.fi\/kcclinic\/wp-json\/wp\/v2\/types\/product"}],"wp:featuredmedia":[{"embeddable":true,"href":"https:\/\/lahjakorttipalvelu.fi\/kcclinic\/wp-json\/wp\/v2\/media\/245352"}],"wp:attachment":[{"href":"https:\/\/lahjakorttipalvelu.fi\/kcclinic\/wp-json\/wp\/v2\/media?parent=244777"}],"wp:term":[{"taxonomy":"product_brand","embeddable":true,"href":"https:\/\/lahjakorttipalvelu.fi\/kcclinic\/wp-json\/wp\/v2\/product_brand?post=244777"},{"taxonomy":"product_cat","embeddable":true,"href":"https:\/\/lahjakorttipalvelu.fi\/kcclinic\/wp-json\/wp\/v2\/product_cat?post=244777"},{"taxonomy":"product_tag","embeddable":true,"href":"https:\/\/lahjakorttipalvelu.fi\/kcclinic\/wp-json\/wp\/v2\/product_tag?post=244777"}],"curies":[{"name":"wp","href":"https:\/\/api.w.org\/{rel}","templated":true}]}}