{"id":245322,"date":"2025-02-06T09:00:46","date_gmt":"2025-02-06T07:00:46","guid":{"rendered":"https:\/\/lahjakorttipalvelu.fi\/kcclinic\/?post_type=product&#038;p=245322"},"modified":"2026-02-16T14:53:36","modified_gmt":"2026-02-16T12:53:36","slug":"sculptra-3krt-sarjahoito-plastiikkakirurgi","status":"publish","type":"product","link":"https:\/\/lahjakorttipalvelu.fi\/kcclinic\/lahjakortti\/sculptra-3krt-sarjahoito-plastiikkakirurgi\/","title":{"rendered":"Sculptra 3krt sarjahoito, plastiikkakirurgi"},"content":{"rendered":"<h3>Sculptra\u00ae on injektiohoito, joka aktivoi kehon oman kollageenituotannon, palauttaa ihon rakenteen ja uudistaa sen luontaisen kiinteyden.<\/h3>\n<p>Kollageenituotantoa stimuloimalla Sculptra\u00ae palauttaa asteittain ihon rakenteen, jolloin iho saa takaisin luontaisen kimmoisuutensa ja kiinteytens\u00e4. Hoidon tulokset kest\u00e4v\u00e4t pitk\u00e4\u00e4n, jopa 25 kuukauden ajan.<\/p>\n","protected":false},"excerpt":{"rendered":"<p>Sculptra\u00ae on injektiohoito, joka aktivoi kehon oman kollageenituotannon, palauttaa ihon rakenteen ja uudistaa sen luontaisen kiinteyden. Kollageenituotantoa stimuloimalla Sculptra\u00ae palauttaa asteittain ihon rakenteen, jolloin iho saa takaisin luontaisen kimmoisuutensa ja kiinteytens\u00e4. Hoidon tulokset kest\u00e4v\u00e4t pitk\u00e4\u00e4n, jopa 25 kuukauden ajan.<\/p>\n","protected":false},"featured_media":245347,"template":"","meta":{"_et_pb_use_builder":"","_et_pb_old_content":"","_et_gb_content_width":""},"product_brand":[],"product_cat":[144,20,153,155,151],"product_tag":[158,160],"class_list":{"0":"post-245322","1":"product","2":"type-product","3":"status-publish","4":"has-post-thumbnail","6":"product_cat-injektiohoito","7":"product_cat-lahjakortti","8":"product_cat-plastiikkakirurgi","9":"product_cat-sarjahoito","10":"product_cat-sculptra","11":"product_tag-plastiikkakirurgi","12":"product_tag-sculptra","14":"first","15":"instock","16":"downloadable","17":"virtual","18":"taxable","19":"purchasable","20":"product-type-simple"},"_links":{"self":[{"href":"https:\/\/lahjakorttipalvelu.fi\/kcclinic\/wp-json\/wp\/v2\/product\/245322","targetHints":{"allow":["GET"]}}],"collection":[{"href":"https:\/\/lahjakorttipalvelu.fi\/kcclinic\/wp-json\/wp\/v2\/product"}],"about":[{"href":"https:\/\/lahjakorttipalvelu.fi\/kcclinic\/wp-json\/wp\/v2\/types\/product"}],"wp:featuredmedia":[{"embeddable":true,"href":"https:\/\/lahjakorttipalvelu.fi\/kcclinic\/wp-json\/wp\/v2\/media\/245347"}],"wp:attachment":[{"href":"https:\/\/lahjakorttipalvelu.fi\/kcclinic\/wp-json\/wp\/v2\/media?parent=245322"}],"wp:term":[{"taxonomy":"product_brand","embeddable":true,"href":"https:\/\/lahjakorttipalvelu.fi\/kcclinic\/wp-json\/wp\/v2\/product_brand?post=245322"},{"taxonomy":"product_cat","embeddable":true,"href":"https:\/\/lahjakorttipalvelu.fi\/kcclinic\/wp-json\/wp\/v2\/product_cat?post=245322"},{"taxonomy":"product_tag","embeddable":true,"href":"https:\/\/lahjakorttipalvelu.fi\/kcclinic\/wp-json\/wp\/v2\/product_tag?post=245322"}],"curies":[{"name":"wp","href":"https:\/\/api.w.org\/{rel}","templated":true}]}}