{"id":245334,"date":"2025-02-06T11:00:49","date_gmt":"2025-02-06T09:00:49","guid":{"rendered":"https:\/\/lahjakorttipalvelu.fi\/kcclinic\/?post_type=product&#038;p=245334"},"modified":"2026-02-16T14:53:35","modified_gmt":"2026-02-16T12:53:35","slug":"esteettinen-tayteainehoito-plastiikkakirurgi","status":"publish","type":"product","link":"https:\/\/lahjakorttipalvelu.fi\/kcclinic\/lahjakortti\/esteettinen-tayteainehoito-plastiikkakirurgi\/","title":{"rendered":"Esteettinen t\u00e4yteainehoito, plastiikkakirurgi"},"content":{"rendered":"<h3>1ml t\u00e4yteainehoito<\/h3>\n<h3>Esteettisen t\u00e4yteainehoitojen hoitoalueet:<\/h3>\n<h3>Huulet<\/h3>\n<p>Huulia voidaan t\u00e4ytel\u00e4ist\u00e4\u00e4, lis\u00e4t\u00e4 niiden tilavuutta, huulirajaa voidaan korostaa ja tehd\u00e4 amorinkaaresta selke\u00e4mmin erottuvan luonnolliselta n\u00e4ytt\u00e4v\u00e4ll\u00e4 tavalla. My\u00f6s huulien ep\u00e4symmetrisyys voidaan korjata, v\u00e4hent\u00e4\u00e4 suun ymp\u00e4rysryppyj\u00e4 sek\u00e4 tehd\u00e4 suupielist\u00e4 iloisemmat. Se my\u00f6s pehment\u00e4\u00e4 ja palauttaa huulien luonnollisen kosteustasapainon jolloin huulet n\u00e4ytt\u00e4v\u00e4t, tuntuvat ja ovat sile\u00e4mm\u00e4t.<\/p>\n<h3>Nen\u00e4<\/h3>\n<p>Pienell\u00e4kin muodon tasoittamisella ja muutoksella saattaa korjautua koko ongelma, kun nen\u00e4 on symmetrinen ja sopusoinnussa kasvojen muiden piirteiden kanssa. Nen\u00e4n muotoilu t\u00e4yteaineella tuo usein jo haluttua tulosta, eik\u00e4 leikkaus ole v\u00e4ltt\u00e4m\u00e4tt\u00e4 tarpeen.<\/p>\n<h3>Poskip\u00e4\u00e4t<\/h3>\n<p>Poskip\u00e4iden alueella t\u00e4yteainehoitojen avulla voidaan nostaa pudonnutta poskip\u00e4\u00e4t\u00e4 tai korostaa luonnostaan matalaa poskip\u00e4\u00e4t\u00e4.<\/p>\n<h3>Leuka<\/h3>\n<p>Leuan suhteen tavallisia ongelmia ovat ik\u00e4\u00e4 my\u00f6den pehmytkudosten putoaminen, joka saa aikaan ns. hamsterin pussit tai alaleuan neli\u00f6m\u00e4isyyden. Injektioaineilla voidaan tasoittaa ja muotoilla alaleukaa niin, ett\u00e4 t\u00e4m\u00e4 vaikutelma v\u00e4henee tai h\u00e4vi\u00e4\u00e4.tarpeen.<\/p>\n<p>K\u00e4yt\u00f6ss\u00e4mme on AMALIAN huippumoderni, tehokas ja turvallinen t\u00e4yteainesarja Saksasta.<\/p>\n","protected":false},"excerpt":{"rendered":"<p>1ml t\u00e4yteainehoito Esteettisen t\u00e4yteainehoitojen hoitoalueet: Huulet Huulia voidaan t\u00e4ytel\u00e4ist\u00e4\u00e4, lis\u00e4t\u00e4 niiden tilavuutta, huulirajaa voidaan korostaa ja tehd\u00e4 amorinkaaresta selke\u00e4mmin erottuvan luonnolliselta n\u00e4ytt\u00e4v\u00e4ll\u00e4 tavalla. My\u00f6s huulien ep\u00e4symmetrisyys voidaan korjata, v\u00e4hent\u00e4\u00e4 suun ymp\u00e4rysryppyj\u00e4 sek\u00e4 tehd\u00e4 suupielist\u00e4 iloisemmat. Se my\u00f6s pehment\u00e4\u00e4 ja palauttaa huulien luonnollisen kosteustasapainon jolloin huulet n\u00e4ytt\u00e4v\u00e4t, tuntuvat ja ovat sile\u00e4mm\u00e4t. Nen\u00e4 Pienell\u00e4kin muodon tasoittamisella ja [&hellip;]<\/p>\n","protected":false},"featured_media":245345,"template":"","meta":{"_et_pb_use_builder":"","_et_pb_old_content":"","_et_gb_content_width":""},"product_brand":[],"product_cat":[144,20,153,146],"product_tag":[158,157],"class_list":{"0":"post-245334","1":"product","2":"type-product","3":"status-publish","4":"has-post-thumbnail","6":"product_cat-injektiohoito","7":"product_cat-lahjakortti","8":"product_cat-plastiikkakirurgi","9":"product_cat-tayteainehoito","10":"product_tag-plastiikkakirurgi","11":"product_tag-tayteaine","13":"first","14":"instock","15":"downloadable","16":"virtual","17":"taxable","18":"purchasable","19":"product-type-simple"},"_links":{"self":[{"href":"https:\/\/lahjakorttipalvelu.fi\/kcclinic\/wp-json\/wp\/v2\/product\/245334","targetHints":{"allow":["GET"]}}],"collection":[{"href":"https:\/\/lahjakorttipalvelu.fi\/kcclinic\/wp-json\/wp\/v2\/product"}],"about":[{"href":"https:\/\/lahjakorttipalvelu.fi\/kcclinic\/wp-json\/wp\/v2\/types\/product"}],"wp:featuredmedia":[{"embeddable":true,"href":"https:\/\/lahjakorttipalvelu.fi\/kcclinic\/wp-json\/wp\/v2\/media\/245345"}],"wp:attachment":[{"href":"https:\/\/lahjakorttipalvelu.fi\/kcclinic\/wp-json\/wp\/v2\/media?parent=245334"}],"wp:term":[{"taxonomy":"product_brand","embeddable":true,"href":"https:\/\/lahjakorttipalvelu.fi\/kcclinic\/wp-json\/wp\/v2\/product_brand?post=245334"},{"taxonomy":"product_cat","embeddable":true,"href":"https:\/\/lahjakorttipalvelu.fi\/kcclinic\/wp-json\/wp\/v2\/product_cat?post=245334"},{"taxonomy":"product_tag","embeddable":true,"href":"https:\/\/lahjakorttipalvelu.fi\/kcclinic\/wp-json\/wp\/v2\/product_tag?post=245334"}],"curies":[{"name":"wp","href":"https:\/\/api.w.org\/{rel}","templated":true}]}}