{"id":277,"date":"2025-02-03T10:00:59","date_gmt":"2025-02-03T08:00:59","guid":{"rendered":"https:\/\/lahjakorttipalvelu.fi\/villa-sukka\/?post_type=product&#038;p=277"},"modified":"2026-02-16T14:53:38","modified_gmt":"2026-02-16T12:53:38","slug":"hydrafacial-clafirying","status":"publish","type":"product","link":"https:\/\/lahjakorttipalvelu.fi\/kcclinic\/lahjakortti\/hydrafacial-clafirying\/","title":{"rendered":"HydraFacial Signature"},"content":{"rendered":"<h3>HydraFacial Signature on tarkoitettu ep\u00e4puhtaalle iholle, joka kaipaa syv\u00e4puhdistusta. Signature on kasvohoito syv\u00e4puhdistuksella, joka minimoi ihon talinerityst\u00e4 pienent\u00e4en samalla laajentuneita ihohuokosia. Hoito sis\u00e4lt\u00e4\u00e4 syv\u00e4puhdistuksen, GlySal-happokuorinnan ja LED-valohoidon.<\/h3>\n<p>HydraFacialissa hy\u00f6dynnet\u00e4\u00e4n hyvin tunnettua ja suosittua teknologiaa jonka avulla iho puhdistetaan, tehd\u00e4\u00e4n kivuton ihonpuhdistus sek\u00e4 tehd\u00e4\u00e4n kasvohoito kosteutetaan ihoa HydraFacial-laitteen avulla. Tehokkaat seerumit sis\u00e4lt\u00e4v\u00e4t ainesosia joiden avulla iho saa v\u00e4litt\u00f6m\u00e4sti kaunista kuulautta.Hoidon j\u00e4lkeen iho tuntuu puhtaalta, pehme\u00e4lt\u00e4 ja kosteutetulta.<\/p>\n<p>Hoito ei satu, \u00e4rsyt\u00e4 ihoa eik\u00e4 aiheuta turvotusta tai punoitusta, jolloin voit palata arkirutiineihisi v\u00e4litt\u00f6m\u00e4sti hoidon j\u00e4lkeen. Hoidon kesto on noin 45min.<\/p>\n","protected":false},"excerpt":{"rendered":"<p>Kaikille ihoille sopiva kivuttomampi ihonpuhdistus. Se on hell\u00e4varainen ja miellytt\u00e4v\u00e4 hoito ilman mekaanista \u00e4rsytyst\u00e4.<\/p>\n","protected":false},"featured_media":245350,"template":"","meta":{"_et_pb_use_builder":"off","_et_pb_old_content":"<strong>Nykyaikainen ja kivuton ihonpuhdistus<\/strong>\r\n<div class=\"accordionButton on\">Ultra\u00e4\u00e4nipuhdistus on nykyaikainen tapa tehd\u00e4 ihonpuhdistus ilman kivuliasta puristelua. Sonoscrub irroittaa iholta kuolleen sarveissolut eli kuorii ihon ilman mekaanista kuorinta-ainetta tai \u00e4rsytyst\u00e4. Syv\u00e4puhdistusvaihe liuottaa ja pehmitt\u00e4\u00e4 huokosissa olevan talin, rasvan ja muut ep\u00e4puhtaudet kivuttomammin. Tulet varmasti huomaamaan kuinka kokonaisvaltaisesti, tasaisesti ja hell\u00e4varaisesti hoito puhdistaa ja virkist\u00e4\u00e4 kasvojasi. Hoitoon kuuluu my\u00f6s pulssitettu hierova ultra\u00e4\u00e4nitoiminto, joka aikaansaa eritt\u00e4in miellytt\u00e4v\u00e4n ja tehokkaan l\u00e4mp\u00f6hieronta-vaikutuksen ja hoitoaineen imeytymisen ihon pintakerrokseen. Lopuksi iholle ihon mukainen naamio. Voit valita hoitoon my\u00f6s hieronnan halutessasi.<\/div>\r\n<div class=\"accordionContent\">\r\n\r\n<strong>Puhdistus kaikille ihotyypeille<\/strong>\r\n\r\nHoitomuoto soveltuu herk\u00e4st\u00e4 couperosa-ihosta rasvaisempaankin ihoon. Tehokas hoito my\u00f6s hieman \u00e4rtyneelle tai hilseilev\u00e4n kuivalle iholle, koska hoidossa ei k\u00e4ytet\u00e4 h\u00f6yry\u00e4, mekaanista kuorintaa tai halutessa mekaanista ihonpuhdistusta. My\u00f6s nuoret tykk\u00e4\u00e4v\u00e4t miellytt\u00e4v\u00e4mm\u00e4st\u00e4 ihonpuhdistuksesta. Voit yhdist\u00e4\u00e4 ultra\u00e4\u00e4nipuhdistuksen my\u00f6s Exuviance-kasvohoitoihin.\r\n\r\n<\/div>","_et_gb_content_width":""},"product_brand":[],"product_cat":[150,16,20],"product_tag":[164],"class_list":{"0":"post-277","1":"product","2":"type-product","3":"status-publish","4":"has-post-thumbnail","6":"product_cat-hydrafacial","7":"product_cat-kasvohoito","8":"product_cat-lahjakortti","9":"product_tag-hydrafacial","11":"first","12":"instock","13":"downloadable","14":"virtual","15":"taxable","16":"purchasable","17":"product-type-simple"},"_links":{"self":[{"href":"https:\/\/lahjakorttipalvelu.fi\/kcclinic\/wp-json\/wp\/v2\/product\/277","targetHints":{"allow":["GET"]}}],"collection":[{"href":"https:\/\/lahjakorttipalvelu.fi\/kcclinic\/wp-json\/wp\/v2\/product"}],"about":[{"href":"https:\/\/lahjakorttipalvelu.fi\/kcclinic\/wp-json\/wp\/v2\/types\/product"}],"wp:featuredmedia":[{"embeddable":true,"href":"https:\/\/lahjakorttipalvelu.fi\/kcclinic\/wp-json\/wp\/v2\/media\/245350"}],"wp:attachment":[{"href":"https:\/\/lahjakorttipalvelu.fi\/kcclinic\/wp-json\/wp\/v2\/media?parent=277"}],"wp:term":[{"taxonomy":"product_brand","embeddable":true,"href":"https:\/\/lahjakorttipalvelu.fi\/kcclinic\/wp-json\/wp\/v2\/product_brand?post=277"},{"taxonomy":"product_cat","embeddable":true,"href":"https:\/\/lahjakorttipalvelu.fi\/kcclinic\/wp-json\/wp\/v2\/product_cat?post=277"},{"taxonomy":"product_tag","embeddable":true,"href":"https:\/\/lahjakorttipalvelu.fi\/kcclinic\/wp-json\/wp\/v2\/product_tag?post=277"}],"curies":[{"name":"wp","href":"https:\/\/api.w.org\/{rel}","templated":true}]}}