{"id":245550,"date":"2023-05-07T12:55:06","date_gmt":"2023-05-07T09:55:06","guid":{"rendered":"https:\/\/lahjakorttipalvelu.fi\/ravintolasumu\/?post_type=product&#038;p=245550"},"modified":"2025-10-09T14:40:12","modified_gmt":"2025-10-09T11:40:12","slug":"menu-extempore-viinipaketilla-kahdelle","status":"publish","type":"product","link":"https:\/\/lahjakorttipalvelu.fi\/ravintolasumu\/lahjakortti\/menu-extempore-viinipaketilla-kahdelle\/","title":{"rendered":"Menu Extempore Viinipaketilla kahdelle"},"content":{"rendered":"<p>Ravintola Sumun Menu Extempore Viinipaketilla kahdelle henkil\u00f6lle. Menu Extempore eli pikainen py\u00f6r\u00e4hdys, kaksi annosta. Vapaa valintaisesti alku- ja p\u00e4\u00e4ruoka tai p\u00e4\u00e4- ja j\u00e4lkiruoka.Saatavilla my\u00f6s pelkk\u00e4 Menu Extempore -lahjakortti yhdelle tai kahdelle henkil\u00f6lle sek\u00e4 menu-lahjakortti sis\u00e4lt\u00e4en viinipaketin yhdelle.<\/p>\n","protected":false},"excerpt":{"rendered":"<p>Ravintola Sumun Menu Extempore Viinipaketilla kahdelle henkil\u00f6lle. Menu Extempore eli pikainen py\u00f6r\u00e4hdys, kaksi annosta. Vapaa valintaisesti alku- ja p\u00e4\u00e4ruoka tai p\u00e4\u00e4- ja j\u00e4lkiruoka.Saatavilla my\u00f6s pelkk\u00e4 Menu Extempore -lahjakortti yhdelle tai kahdelle henkil\u00f6lle sek\u00e4 menu-lahjakortti sis\u00e4lt\u00e4en viinipaketin yhdelle.<\/p>\n","protected":false},"featured_media":245543,"template":"","meta":{"_et_pb_use_builder":"","_et_pb_old_content":"","_et_gb_content_width":""},"product_brand":[],"product_cat":[20,145,151],"product_tag":[],"class_list":{"0":"post-245550","1":"product","2":"type-product","3":"status-publish","4":"has-post-thumbnail","6":"product_cat-lahjakortti","7":"product_cat-menu-kahdelle","8":"product_cat-viinipaketti","10":"first","11":"instock","12":"taxable","13":"shipping-taxable","14":"purchasable","15":"product-type-variable"},"_links":{"self":[{"href":"https:\/\/lahjakorttipalvelu.fi\/ravintolasumu\/wp-json\/wp\/v2\/product\/245550","targetHints":{"allow":["GET"]}}],"collection":[{"href":"https:\/\/lahjakorttipalvelu.fi\/ravintolasumu\/wp-json\/wp\/v2\/product"}],"about":[{"href":"https:\/\/lahjakorttipalvelu.fi\/ravintolasumu\/wp-json\/wp\/v2\/types\/product"}],"wp:featuredmedia":[{"embeddable":true,"href":"https:\/\/lahjakorttipalvelu.fi\/ravintolasumu\/wp-json\/wp\/v2\/media\/245543"}],"wp:attachment":[{"href":"https:\/\/lahjakorttipalvelu.fi\/ravintolasumu\/wp-json\/wp\/v2\/media?parent=245550"}],"wp:term":[{"taxonomy":"product_brand","embeddable":true,"href":"https:\/\/lahjakorttipalvelu.fi\/ravintolasumu\/wp-json\/wp\/v2\/product_brand?post=245550"},{"taxonomy":"product_cat","embeddable":true,"href":"https:\/\/lahjakorttipalvelu.fi\/ravintolasumu\/wp-json\/wp\/v2\/product_cat?post=245550"},{"taxonomy":"product_tag","embeddable":true,"href":"https:\/\/lahjakorttipalvelu.fi\/ravintolasumu\/wp-json\/wp\/v2\/product_tag?post=245550"}],"curies":[{"name":"wp","href":"https:\/\/api.w.org\/{rel}","templated":true}]}}