{"id":245557,"date":"2023-05-07T13:17:12","date_gmt":"2023-05-07T10:17:12","guid":{"rendered":"https:\/\/lahjakorttipalvelu.fi\/ravintolasumu\/?post_type=product&#038;p=245557"},"modified":"2025-10-09T14:40:12","modified_gmt":"2025-10-09T11:40:12","slug":"menu-pitka-viikonloppu-alkoholittomalla-juomapaketilla-kahdelle","status":"publish","type":"product","link":"https:\/\/lahjakorttipalvelu.fi\/ravintolasumu\/lahjakortti\/menu-pitka-viikonloppu-alkoholittomalla-juomapaketilla-kahdelle\/","title":{"rendered":"Menu Pitk\u00e4 Viikonloppu alkoholittomalla juomapaketilla kahdelle"},"content":{"rendered":"<p>Ravintola Sumun Menu Pitk\u00e4 Viikonloppu alkoholittomalla juomapaketilla kahdelle henkil\u00f6lle. Hieman enemm\u00e4n aikaa takaa hieman pidemm\u00e4n nautiskelun. Kaksi alkuruokaa, p\u00e4\u00e4ruoka ja j\u00e4lkiruoka.<br \/>\nSaatavilla my\u00f6s viinipaketilla tai ilman juomapakettia.<\/p>\n","protected":false},"excerpt":{"rendered":"<p>Ravintola Sumun Menu Pitk\u00e4 Viikonloppu alkoholittomalla juomapaketilla kahdelle henkil\u00f6lle. Hieman enemm\u00e4n aikaa takaa hieman pidemm\u00e4n nautiskelun. Kaksi alkuruokaa, p\u00e4\u00e4ruoka ja j\u00e4lkiruoka. Saatavilla my\u00f6s viinipaketilla tai ilman juomapakettia.<\/p>\n","protected":false},"featured_media":245543,"template":"","meta":{"_et_pb_use_builder":"","_et_pb_old_content":"","_et_gb_content_width":""},"product_brand":[],"product_cat":[20,152,145],"product_tag":[],"class_list":{"0":"post-245557","1":"product","2":"type-product","3":"status-publish","4":"has-post-thumbnail","6":"product_cat-lahjakortti","7":"product_cat-alkoholiton-juomapaketti","8":"product_cat-menu-kahdelle","10":"first","11":"instock","12":"taxable","13":"shipping-taxable","14":"purchasable","15":"product-type-variable"},"_links":{"self":[{"href":"https:\/\/lahjakorttipalvelu.fi\/ravintolasumu\/wp-json\/wp\/v2\/product\/245557","targetHints":{"allow":["GET"]}}],"collection":[{"href":"https:\/\/lahjakorttipalvelu.fi\/ravintolasumu\/wp-json\/wp\/v2\/product"}],"about":[{"href":"https:\/\/lahjakorttipalvelu.fi\/ravintolasumu\/wp-json\/wp\/v2\/types\/product"}],"wp:featuredmedia":[{"embeddable":true,"href":"https:\/\/lahjakorttipalvelu.fi\/ravintolasumu\/wp-json\/wp\/v2\/media\/245543"}],"wp:attachment":[{"href":"https:\/\/lahjakorttipalvelu.fi\/ravintolasumu\/wp-json\/wp\/v2\/media?parent=245557"}],"wp:term":[{"taxonomy":"product_brand","embeddable":true,"href":"https:\/\/lahjakorttipalvelu.fi\/ravintolasumu\/wp-json\/wp\/v2\/product_brand?post=245557"},{"taxonomy":"product_cat","embeddable":true,"href":"https:\/\/lahjakorttipalvelu.fi\/ravintolasumu\/wp-json\/wp\/v2\/product_cat?post=245557"},{"taxonomy":"product_tag","embeddable":true,"href":"https:\/\/lahjakorttipalvelu.fi\/ravintolasumu\/wp-json\/wp\/v2\/product_tag?post=245557"}],"curies":[{"name":"wp","href":"https:\/\/api.w.org\/{rel}","templated":true}]}}