{"id":245660,"date":"2023-05-07T22:52:17","date_gmt":"2023-05-07T19:52:17","guid":{"rendered":"https:\/\/lahjakorttipalvelu.fi\/ravintolasumu\/?post_type=product&#038;p=245660"},"modified":"2025-10-09T14:40:11","modified_gmt":"2025-10-09T11:40:11","slug":"menu-makumatka-kahdelle","status":"publish","type":"product","link":"https:\/\/lahjakorttipalvelu.fi\/ravintolasumu\/lahjakortti\/menu-makumatka-kahdelle\/","title":{"rendered":"Menu Makumatka kahdelle"},"content":{"rendered":"<p>Ravintola Sumun Menu &#8211; Makumatka &#8211; kahdelle henkil\u00f6lle. Hienoa, nyt nautitaan kunnolla. Oikeaa el\u00e4mysmatkailua. T\u00e4m\u00e4 pisin reissumme sis\u00e4lt\u00e4\u00e4 kuusi varsinaista kohdetta.<\/p>\n","protected":false},"excerpt":{"rendered":"<p>Ravintola Sumun Menu &#8211; Makumatka &#8211; kahdelle henkil\u00f6lle. Hienoa, nyt nautitaan kunnolla. Oikeaa el\u00e4mysmatkailua. T\u00e4m\u00e4 pisin reissumme sis\u00e4lt\u00e4\u00e4 kuusi varsinaista kohdetta.<\/p>\n","protected":false},"featured_media":245543,"template":"","meta":{"_et_pb_use_builder":"","_et_pb_old_content":"","_et_gb_content_width":""},"product_brand":[],"product_cat":[20,145],"product_tag":[],"class_list":{"0":"post-245660","1":"product","2":"type-product","3":"status-publish","4":"has-post-thumbnail","6":"product_cat-lahjakortti","7":"product_cat-menu-kahdelle","9":"first","10":"instock","11":"featured","12":"taxable","13":"shipping-taxable","14":"purchasable","15":"product-type-variable"},"_links":{"self":[{"href":"https:\/\/lahjakorttipalvelu.fi\/ravintolasumu\/wp-json\/wp\/v2\/product\/245660","targetHints":{"allow":["GET"]}}],"collection":[{"href":"https:\/\/lahjakorttipalvelu.fi\/ravintolasumu\/wp-json\/wp\/v2\/product"}],"about":[{"href":"https:\/\/lahjakorttipalvelu.fi\/ravintolasumu\/wp-json\/wp\/v2\/types\/product"}],"wp:featuredmedia":[{"embeddable":true,"href":"https:\/\/lahjakorttipalvelu.fi\/ravintolasumu\/wp-json\/wp\/v2\/media\/245543"}],"wp:attachment":[{"href":"https:\/\/lahjakorttipalvelu.fi\/ravintolasumu\/wp-json\/wp\/v2\/media?parent=245660"}],"wp:term":[{"taxonomy":"product_brand","embeddable":true,"href":"https:\/\/lahjakorttipalvelu.fi\/ravintolasumu\/wp-json\/wp\/v2\/product_brand?post=245660"},{"taxonomy":"product_cat","embeddable":true,"href":"https:\/\/lahjakorttipalvelu.fi\/ravintolasumu\/wp-json\/wp\/v2\/product_cat?post=245660"},{"taxonomy":"product_tag","embeddable":true,"href":"https:\/\/lahjakorttipalvelu.fi\/ravintolasumu\/wp-json\/wp\/v2\/product_tag?post=245660"}],"curies":[{"name":"wp","href":"https:\/\/api.w.org\/{rel}","templated":true}]}}