{"id":309,"date":"2020-11-24T03:43:10","date_gmt":"2020-11-24T01:43:10","guid":{"rendered":"https:\/\/lahjakorttipalvelu.fi\/salonki\/?page_id=309"},"modified":"2025-12-21T22:38:10","modified_gmt":"2025-12-21T20:38:10","slug":"toimitusehdot","status":"publish","type":"page","link":"https:\/\/lahjakorttipalvelu.fi\/salonki\/toimitusehdot\/","title":{"rendered":"Toimitusehdot"},"content":{"rendered":"<p>[et_pb_section fb_built=&#8221;1&#8243; admin_label=&#8221;Hero&#8221; _builder_version=&#8221;4.16&#8243; background_color=&#8221;rgba(124,201,226,0.36)&#8221; background_image=&#8221;https:\/\/lahjakorttipalvelu.fi\/salonki\/wp-content\/uploads\/sites\/8\/2021\/01\/tausta-alasivut-kevat.jpg&#8221; background_blend=&#8221;lighten&#8221; custom_padding=&#8221;4vw||4vw|||&#8221; locked=&#8221;off&#8221; global_colors_info=&#8221;{}&#8221;][et_pb_row _builder_version=&#8221;4.16&#8243; background_size=&#8221;initial&#8221; background_position=&#8221;top_left&#8221; background_repeat=&#8221;repeat&#8221; global_colors_info=&#8221;{}&#8221;][et_pb_column type=&#8221;4_4&#8243; _builder_version=&#8221;4.16&#8243; custom_padding=&#8221;|||&#8221; global_colors_info=&#8221;{}&#8221; custom_padding__hover=&#8221;|||&#8221;][et_pb_cta title=&#8221;@ET-DC@eyJkeW5hbWljIjp0cnVlLCJjb250ZW50IjoicG9zdF90aXRsZSIsInNldHRpbmdzIjp7ImJlZm9yZSI6IiIsImFmdGVyIjoiIn19@&#8221; button_url=&#8221;#&#8221; _builder_version=&#8221;4.16&#8243; _dynamic_attributes=&#8221;title&#8221; header_level=&#8221;h1&#8243; header_font=&#8221;Yeseva One||||||||&#8221; header_font_size=&#8221;70px&#8221; header_line_height=&#8221;1.3em&#8221; body_font=&#8221;Montserrat|600|||||||&#8221; body_font_size=&#8221;22px&#8221; body_line_height=&#8221;1.9em&#8221; use_background_color=&#8221;off&#8221; custom_button=&#8221;on&#8221; button_text_size=&#8221;16px&#8221; button_text_color=&#8221;#ffffff&#8221; button_bg_color=&#8221;#2f3854&#8243; button_border_width=&#8221;10px&#8221; button_border_color=&#8221;rgba(47,56,84,0)&#8221; button_border_radius=&#8221;60px&#8221; button_letter_spacing=&#8221;1px&#8221; button_font=&#8221;Montserrat|700||on|||||&#8221; button_use_icon=&#8221;off&#8221; background_layout=&#8221;light&#8221; animation_style=&#8221;zoom&#8221; animation_direction=&#8221;bottom&#8221; animation_intensity_zoom=&#8221;10%&#8221; header_font_size_tablet=&#8221;&#8221; header_font_size_phone=&#8221;50px&#8221; header_font_size_last_edited=&#8221;on|phone&#8221; button_text_color_hover=&#8221;#ffffff&#8221; button_border_radius_hover=&#8221;66px&#8221; button_letter_spacing_hover=&#8221;1px&#8221; button_bg_color_hover=&#8221;rgba(47,56,84,0.9)&#8221; global_colors_info=&#8221;{}&#8221; button_text_size__hover_enabled=&#8221;off&#8221; button_one_text_size__hover_enabled=&#8221;off&#8221; button_two_text_size__hover_enabled=&#8221;off&#8221; button_text_color__hover_enabled=&#8221;on&#8221; button_text_color__hover=&#8221;#ffffff&#8221; button_one_text_color__hover_enabled=&#8221;off&#8221; button_two_text_color__hover_enabled=&#8221;off&#8221; button_border_width__hover_enabled=&#8221;off&#8221; button_one_border_width__hover_enabled=&#8221;off&#8221; button_two_border_width__hover_enabled=&#8221;off&#8221; button_border_color__hover_enabled=&#8221;off&#8221; button_one_border_color__hover_enabled=&#8221;off&#8221; button_two_border_color__hover_enabled=&#8221;off&#8221; button_border_radius__hover_enabled=&#8221;on&#8221; button_border_radius__hover=&#8221;66px&#8221; button_one_border_radius__hover_enabled=&#8221;off&#8221; button_two_border_radius__hover_enabled=&#8221;off&#8221; button_letter_spacing__hover_enabled=&#8221;on&#8221; button_letter_spacing__hover=&#8221;1px&#8221; button_one_letter_spacing__hover_enabled=&#8221;off&#8221; button_two_letter_spacing__hover_enabled=&#8221;off&#8221; button_bg_color__hover_enabled=&#8221;on&#8221; button_bg_color__hover=&#8221;rgba(47,56,84,0.9)&#8221; button_one_bg_color__hover_enabled=&#8221;off&#8221; button_two_bg_color__hover_enabled=&#8221;off&#8221;][\/et_pb_cta][\/et_pb_column][\/et_pb_row][\/et_pb_section][et_pb_section fb_built=&#8221;1&#8243; _builder_version=&#8221;4.16&#8243; _module_preset=&#8221;default&#8221; custom_padding=&#8221;50px|||||&#8221; global_colors_info=&#8221;{}&#8221;][et_pb_row _builder_version=&#8221;4.16&#8243; _module_preset=&#8221;default&#8221; custom_padding=&#8221;18px|||||&#8221; global_colors_info=&#8221;{}&#8221;][et_pb_column type=&#8221;4_4&#8243; _builder_version=&#8221;4.16&#8243; _module_preset=&#8221;default&#8221; global_colors_info=&#8221;{}&#8221;][et_pb_text _builder_version=&#8221;4.16&#8243; _module_preset=&#8221;default&#8221; header_font=&#8221;Yeseva One||||||||&#8221; header_2_font=&#8221;Yeseva One||||||||&#8221; header_2_font_size=&#8221;50px&#8221; header_2_line_height=&#8221;1.4em&#8221; global_colors_info=&#8221;{}&#8221;]<\/p>\n<h3>Verkkokaupan perustiedot<\/h3>\n<p>KAUNEUSHOITOLA SALON SALONKI \/ Salon Salonki Oy <br \/>Y-tunnus: <span id=\"_ctl0_cphSisalto_lblytunnus\">3285441-4<\/span><br \/>(j\u00e4ljemp\u00e4n\u00e4 verkkokauppa) myy lahjakortteja yksityishenkil\u00f6ille Suomeen.<br \/>Pid\u00e4t\u00e4mme oikeuden toimitusehtojen ja hintojen muutoksiin. Tuotteiden hinnat sis\u00e4lt\u00e4v\u00e4t arvonlis\u00e4veron.<\/p>\n<p>url: https:\/\/lahjakorttipalvelu.fi\/salonki<\/p>\n<h3>Verkkokaupan yhteystiedot<\/h3>\n<p>S\u00e4hk\u00f6posti: <a href=\"mailto:hoitola@salonsalonki.fi\">hoitola@salonsalonki.fi<\/a><br \/>Puhelin: 02 7333 555<br \/>Postiosoite: Vilhonkatu 11-13, 2krs. 24240 Salo<\/p>\n<p>&nbsp;<\/p>\n<h3>Tilaaminen ja lahjakorttien toimitus<\/h3>\n<p>Tilattavat tuotteet valitaan kotisivuilla lis\u00e4\u00e4m\u00e4ll\u00e4 ne ostoskoriin. Tilaus l\u00e4hetet\u00e4\u00e4n maksamalla ostoskorin sis\u00e4lt\u00f6 verkkokaupan kassatoiminnossa. Tehdess\u00e4si tilauksen hyv\u00e4ksyt n\u00e4m\u00e4 toimitusehdot, tuotteiden hinnat sek\u00e4 toimituskulut. Tilaushetkell\u00e4 annetaan s\u00e4hk\u00f6postiosoite, johon l\u00e4hetet\u00e4\u00e4n tilaustiedot. Tilaustiedoista ilmenev\u00e4t tilatut tuotteet sek\u00e4 hinta. Tilaustiedot -viesti ei ole viel\u00e4 tilausvahvistus. Saat tilausvahvistuksen kun tilaus on maksettu onnistuneesti. Ongelmatilanteissa ota meihin yhteytt\u00e4.<\/p>\n<p><strong><\/strong>TULOSTETTAVA LAHJAKORTTI: Jos tilaat tulostettavan lahjakortin saat <span style=\"text-decoration: underline;\">tilausvahvistuksen yhteydess\u00e4<\/span> liitetiedostona tulostettavan lahjakortin. Vahvistusviestiss\u00e4 on my\u00f6s linkki josta lahjakortin voi avata. Jos maksat lahjakortin Visma Payn verkkopankki-, luottokortti- tai mobiilimaksuna, n\u00e4kyy latauslinkki my\u00f6s maksuvahvistussivulla onnistuneen maksun j\u00e4lkeen. <br \/><strong><\/strong><\/p>\n<p>POSTITETTAVA LAHJAKORTTI: Painettu lahjakortti postitetaan 1-2 arkip\u00e4iv\u00e4n kuluessa tilausvahvistuksesta. Toimitusmaksu 5\u20ac maksetaan tilauksen yhteydess\u00e4 (sis\u00e4ltyy loppusummaan). Toimitusmaksu sis\u00e4lt\u00e4\u00e4 painetun kortin, kirjekuoren sek\u00e4 postitusmaksut. Salon Salonki Oy ei ole vastuussa Postin mahdollisista toimitusviiveist\u00e4.<\/p>\n<p><strong>VismaPay:n<\/strong> kautta maksetut tilaukset siirtyv\u00e4t tilausvahvistustilaan l\u00e4hes v\u00e4litt\u00f6m\u00e4sti. (Verkkopankkimaksut, luottokorttimaksut, Mobiilimaksaminen)<\/p>\n<p>Lahjakortti <strong><span style=\"text-decoration: underline;\">on k\u00e4ytett\u00e4viss\u00e4<\/span><\/strong> kun olet saanut <span style=\"text-decoration: underline;\">tilausvahvistuksen<\/span>. <br \/>HUOM. Lahjakortit <strong>eiv\u00e4t k\u00e4y<\/strong> KynsiStudion (Heidi Kiukkonen) eik\u00e4 hierojan ja vy\u00f6hyketerapeutin palveluihin.<\/p>\n<p>&nbsp;<\/p>\n<p><strong><\/strong><\/p>\n<h3>Maksaminen<\/h3>\n<p>Verkkokaupan maksuv\u00e4litt\u00e4j\u00e4n\u00e4 toimii Visma Pay (Paybyway Oy, y-tunnus 2486559-4), joka on rekister\u00f6ity Finanssivalvonnan yll\u00e4pit\u00e4m\u00e4\u00e4n maksulaitosrekisteriin. Maksamiseen siirryt\u00e4\u00e4n Visma Payn verkkopalvelun kautta ja tiliotteella ja laskulla maksun saajana n\u00e4kyy Visma Pay tai Paybyway Oy. Visma Pay v\u00e4litt\u00e4\u00e4 maksut verkkokauppiaalle. Maksaminen on turvallista, sill\u00e4 kaikki maksutapahtumaa koskevat tiedot v\u00e4litet\u00e4\u00e4n salattua yhteytt\u00e4 k\u00e4ytt\u00e4en niin ettei kukaan ulkopuolinen taho n\u00e4e maksutapahtuman tietoja.<\/p>\n<p>Kauppa syntyy verkkokaupan asiakkaan ja verkkokaupan v\u00e4lille. Verkkokaupan vastuulla ovat kaikki kauppaan liittyv\u00e4t velvoitteet.<\/p>\n<p>Tilisiirrot on poistettu maksuvalikoimasta.<\/p>\n<p>Lue lis\u00e4\u00e4 Visma Paysta: <a href=\"https:\/\/www.visma.fi\/vismapay\/\" target=\"_blank\" rel=\"noopener\">https:\/\/www.visma.fi\/vismapay\/<\/a><\/p>\n<p>&nbsp;<\/p>\n<h3>Maksutavat<\/h3>\n<p>Visma Pay -palvelun kautta voit maksaa verkkopankkitunnuksilla, lompakolla, ja maksukorteilla (credit\/debit). K\u00e4ytett\u00e4viss\u00e4 ovat seuraavat maksutavat: Osuuspankki, Nordea, Danske Bank, Oma S\u00e4\u00e4st\u00f6pankki, S\u00e4\u00e4st\u00f6pankki, Aktia, Paikallisosuuspankit, S-Pankki, Handelsbanken, \u00c5landsbanken, MobilePay, Masterpass, Pivo, Visa-, Visa Debit-, Visa Electron-, MasterCard- ja Debit MasterCard -kortit.<\/p>\n<p>MobilePay: Voit maksaa MobilePay-lompakollasi mik\u00e4li olet sallinut verkkokaupoissa maksamisen sovelluksen asetuksista. MobilePay-lompakolla suoritetut maksut veloitetaan lompakkoon liitetylt\u00e4 maksukortilta. Mik\u00e4li maksun veloittaminen maksukortilta ep\u00e4onnistuu, MobilePay-lompakolla maksaminen ei ole mahdollista verkkokaupassa.<\/p>\n<p>Pivo: K\u00e4ytt\u00f6ehdot ovat tarjolla Pivon sivuilla: https:\/\/pivo.fi\/kayttoehdot\/pivon-kayttoehdot\/<\/p>\n<p>Visma Pay -maksupalvelun yhteystiedot<\/p>\n<p>Visma Pay, Paybyway Oy (Y-tunnus 2486559-4)<br \/>S\u00e4hk\u00f6posti: helpdesk@vismapay.com<br \/>Puhelin: 09 315 42 037 (arkisin klo 8-16)<br \/>Postiosoite: Laserkatu 6, 53850 Lappeenranta<\/p>\n<section class=\"woocommerce-bacs-bank-details\">\n<p>&nbsp;<\/p>\n<p><strong><\/strong><\/p>\n<\/section>\n<h3><\/h3>\n<h3>Toimitus<\/h3>\n<p>Tulostettava lahjakortti-tiedosto ja latauslinkki toimitetaan tilaajan s\u00e4hk\u00f6postiin kun maksu on vahvistettu.<\/p>\n<p>Postitettavia lahjakortteja postitetaan arkip\u00e4ivisin. Toimituskulu on 5\u20ac postitettaville lahjakorteille. N\u00e4et toimituskulut verkkokaupan kassatoiminnossa ennen tilauksen lopullista hyv\u00e4ksymist\u00e4.<\/p>\n<p>&nbsp;<\/p>\n<p>[\/et_pb_text][\/et_pb_column][\/et_pb_row][\/et_pb_section]<\/p>\n","protected":false},"excerpt":{"rendered":"<p>Verkkokaupan perustiedot KAUNEUSHOITOLA SALON SALONKI \/ Salon Salonki Oy Y-tunnus: 3285441-4(j\u00e4ljemp\u00e4n\u00e4 verkkokauppa) myy lahjakortteja yksityishenkil\u00f6ille Suomeen.Pid\u00e4t\u00e4mme oikeuden toimitusehtojen ja hintojen muutoksiin. Tuotteiden hinnat sis\u00e4lt\u00e4v\u00e4t arvonlis\u00e4veron. url: https:\/\/lahjakorttipalvelu.fi\/salonki Verkkokaupan yhteystiedot S\u00e4hk\u00f6posti: hoitola@salonsalonki.fiPuhelin: 02 7333 555Postiosoite: Vilhonkatu 11-13, 2krs. 24240 Salo &nbsp; Tilaaminen ja lahjakorttien toimitus Tilattavat tuotteet valitaan kotisivuilla lis\u00e4\u00e4m\u00e4ll\u00e4 ne ostoskoriin. Tilaus l\u00e4hetet\u00e4\u00e4n maksamalla ostoskorin [&hellip;]<\/p>\n","protected":false},"author":1,"featured_media":0,"parent":0,"menu_order":0,"comment_status":"closed","ping_status":"closed","template":"","meta":{"_et_pb_use_builder":"on","_et_pb_old_content":"","_et_gb_content_width":"","footnotes":""},"class_list":["post-309","page","type-page","status-publish","hentry"],"_links":{"self":[{"href":"https:\/\/lahjakorttipalvelu.fi\/salonki\/wp-json\/wp\/v2\/pages\/309","targetHints":{"allow":["GET"]}}],"collection":[{"href":"https:\/\/lahjakorttipalvelu.fi\/salonki\/wp-json\/wp\/v2\/pages"}],"about":[{"href":"https:\/\/lahjakorttipalvelu.fi\/salonki\/wp-json\/wp\/v2\/types\/page"}],"author":[{"embeddable":true,"href":"https:\/\/lahjakorttipalvelu.fi\/salonki\/wp-json\/wp\/v2\/users\/1"}],"replies":[{"embeddable":true,"href":"https:\/\/lahjakorttipalvelu.fi\/salonki\/wp-json\/wp\/v2\/comments?post=309"}],"version-history":[{"count":4,"href":"https:\/\/lahjakorttipalvelu.fi\/salonki\/wp-json\/wp\/v2\/pages\/309\/revisions"}],"predecessor-version":[{"id":2967,"href":"https:\/\/lahjakorttipalvelu.fi\/salonki\/wp-json\/wp\/v2\/pages\/309\/revisions\/2967"}],"wp:attachment":[{"href":"https:\/\/lahjakorttipalvelu.fi\/salonki\/wp-json\/wp\/v2\/media?parent=309"}],"curies":[{"name":"wp","href":"https:\/\/api.w.org\/{rel}","templated":true}]}}